{"id":189,"date":"2017-11-21T17:24:07","date_gmt":"2017-11-21T16:24:07","guid":{"rendered":"https:\/\/wp.uni-koblenz.de\/unimus\/?page_id=189"},"modified":"2018-04-16T20:00:44","modified_gmt":"2018-04-16T18:00:44","slug":"lothar-blum","status":"publish","type":"page","link":"https:\/\/wp.uni-koblenz.de\/unimus\/kuenstler\/lothar-blum\/","title":{"rendered":"Lothar Blum"},"content":{"rendered":"<p>Der Tenor und Evangelist Lothar Blum hat an der Robert-Schumann-Hochschule in D\u00fcsseldorf bei Brigitte D\u00fcrrler Gesang studiert. Erg\u00e4nzende Impulse erhielt er durch die Teilnahme an Meisterkursen, u. a. bei Peter Schreier, Kurt Equiluz und dem Hilliard Ensemble. Sein Hauptinteresse gilt den Vespern, Passionen und Oratorien von Monteverdi bis Mendelssohn Bartholdy. Schwerpunkte seines Repertoires sind die virtuosen Koloratur-Arien bei H\u00e4ndel und Bach sowie in besonderer Weise die Evangelistenpartien. Dar\u00fcber hinaus hat er in Produktionen von Opern aus unterschiedlichen Epochen, vom Barock bis ins Zwanzigste Jahrhundert hinein, mitgewirkt. Lothar Blum hat u. a. mit James Conlon, Kay Johannsen, Hermann Max, Peter Neumann, Andreas Spering, Christoph Spering und Arvo P\u00e4rt gearbeitet, wie teilweise durch CD- und Rundfunk-Aufnahmen dokumentiert ist. Gastspiele verbinden ihn mit dem Schlo\u00dftheater Moers und dem D\u00fcsseldorfer Schauspielhaus. Er hat im Gesualdo Consort Amsterdam unter Harry van der Kamp und bei Musica Fiata\/La Capella Ducale unter Roland Wilson gesungen und ist im Rahmen von Festivals wie den Tagen Alter Musik in Herne, den Th\u00fcringer Bachwochen, dem Schumann-Fest Zwickau, dem Festival Alte Musik Knechtsteden, den Br\u00fchler Schlosskonzerten sowie den H\u00e4ndel-Festspielen in G\u00f6ttingen aufgetreten.<\/p>\n<p><a href=\"http:\/\/lothar-blum.de\/vita\/\">http:\/\/lothar-blum.de\/vita\/<\/a><\/p>\n","protected":false},"excerpt":{"rendered":"<p>Der Tenor und Evangelist Lothar Blum hat an der Robert-Schumann-Hochschule in D\u00fcsseldorf bei Brigitte D\u00fcrrler Gesang studiert. Erg\u00e4nzende Impulse erhielt er durch die Teilnahme an Meisterkursen, u. a. bei Peter Schreier, Kurt Equiluz und dem Hilliard Ensemble. Sein Hauptinteresse gilt den Vespern, Passionen und Oratorien von Monteverdi bis Mendelssohn Bartholdy. Schwerpunkte seines Repertoires sind die &hellip; <\/p>\n<p class=\"link-more\"><a href=\"https:\/\/wp.uni-koblenz.de\/unimus\/kuenstler\/lothar-blum\/\" class=\"more-link\"><span class=\"screen-reader-text\">\u201eLothar Blum\u201c <\/span>weiterlesen<\/a><\/p>\n","protected":false},"author":11,"featured_media":418,"parent":48,"menu_order":0,"comment_status":"closed","ping_status":"closed","template":"artist.php","meta":{"footnotes":""},"class_list":["post-189","page","type-page","status-publish","has-post-thumbnail","hentry"],"_links":{"self":[{"href":"https:\/\/wp.uni-koblenz.de\/unimus\/wp-json\/wp\/v2\/pages\/189","targetHints":{"allow":["GET"]}}],"collection":[{"href":"https:\/\/wp.uni-koblenz.de\/unimus\/wp-json\/wp\/v2\/pages"}],"about":[{"href":"https:\/\/wp.uni-koblenz.de\/unimus\/wp-json\/wp\/v2\/types\/page"}],"author":[{"embeddable":true,"href":"https:\/\/wp.uni-koblenz.de\/unimus\/wp-json\/wp\/v2\/users\/11"}],"replies":[{"embeddable":true,"href":"https:\/\/wp.uni-koblenz.de\/unimus\/wp-json\/wp\/v2\/comments?post=189"}],"version-history":[{"count":3,"href":"https:\/\/wp.uni-koblenz.de\/unimus\/wp-json\/wp\/v2\/pages\/189\/revisions"}],"predecessor-version":[{"id":203,"href":"https:\/\/wp.uni-koblenz.de\/unimus\/wp-json\/wp\/v2\/pages\/189\/revisions\/203"}],"up":[{"embeddable":true,"href":"https:\/\/wp.uni-koblenz.de\/unimus\/wp-json\/wp\/v2\/pages\/48"}],"wp:featuredmedia":[{"embeddable":true,"href":"https:\/\/wp.uni-koblenz.de\/unimus\/wp-json\/wp\/v2\/media\/418"}],"wp:attachment":[{"href":"https:\/\/wp.uni-koblenz.de\/unimus\/wp-json\/wp\/v2\/media?parent=189"}],"curies":[{"name":"wp","href":"https:\/\/api.w.org\/{rel}","templated":true}]}}