{"id":193,"date":"2017-11-21T17:25:18","date_gmt":"2017-11-21T16:25:18","guid":{"rendered":"https:\/\/wp.uni-koblenz.de\/unimus\/?page_id=193"},"modified":"2018-04-16T18:59:48","modified_gmt":"2018-04-16T16:59:48","slug":"beate-koepp","status":"publish","type":"page","link":"https:\/\/wp.uni-koblenz.de\/unimus\/kuenstler\/beate-koepp\/","title":{"rendered":"Beate Koepp"},"content":{"rendered":"<p>Die in M\u00fcnster \/ Westf. geborene Altistin Beate Koepp studierte an der staatl. Hochschule f\u00fcr Musik K\u00f6ln, Abt. Aachen bei Prof. R. Bautz Gesang. Nach ihrem Abschlussexamen 1992, welches sie mit Auszeichnung bestand, war sie 1992 und 1994 Preistr\u00e4gerin des Landeswettbewerbs VDMK. Ihre musikalische Weiterbildung mit Schwerpunkt Lied und Oratorium erfuhr Beate Koepp bei Meisterkursen von Frau G. Pohl, Frau Prof. J. Hamari und Frau I. Danz. Von 1993 bis 1997 war sie Mitglied der Bayreuther Festspiele, wo sie die Partie eines Lehrbubens in der Neuinszenierung von W. Wagner der \u201eMeistersinger von N\u00fcrnberg\u201c sang. Mit der Partie der Dona Francisca aus der Oper \u201eDona Francisquita\u201c von A. Vives war sie in der Dresdner Semperoper und dem K\u00f6lner Funkhaus zu h\u00f6ren.<br \/>\nSie musizierte u.a. mit dem Hamburger Barockensemble, dem Bachchor der Hamburger Hauptkirche St. Petri unter Leitung von T. Dahl, der Stuttgarter Kantorei unter Leitung von K. Johannsen, der Klassischen Philharmonie Bonn unter Leitung von H. Beissel und dem Bach-Collegium Stuttgart unter Leitung von H. Rilling.<br \/>\nIhr breitgef\u00e4chertes Repertoire reicht von den gro\u00dfen Alt-Partien der Oratorien bis hin zu selten gespielten Werken wie Rejoice in the Lamb (Britten), Kr\u00f6nungsmesse (Liszt), Missa Die Filii (Zelenka), mit denen sie in ganz Deutschland eine gefragte Interpretin.<br \/>\nIm Funk und Fernsehen ist sie mit dem WDR-Rundfunkorchester, sowie mit dem WDR-Sinfonieorchester zu h\u00f6ren, mit denen auch CD-Einspielungen vorliegen.<\/p>\n","protected":false},"excerpt":{"rendered":"<p>Die in M\u00fcnster \/ Westf. geborene Altistin Beate Koepp studierte an der staatl. Hochschule f\u00fcr Musik K\u00f6ln, Abt. Aachen bei Prof. R. Bautz Gesang. Nach ihrem Abschlussexamen 1992, welches sie mit Auszeichnung bestand, war sie 1992 und 1994 Preistr\u00e4gerin des Landeswettbewerbs VDMK. Ihre musikalische Weiterbildung mit Schwerpunkt Lied und Oratorium erfuhr Beate Koepp bei Meisterkursen &hellip; <\/p>\n<p class=\"link-more\"><a href=\"https:\/\/wp.uni-koblenz.de\/unimus\/kuenstler\/beate-koepp\/\" class=\"more-link\"><span class=\"screen-reader-text\">\u201eBeate Koepp\u201c <\/span>weiterlesen<\/a><\/p>\n","protected":false},"author":11,"featured_media":368,"parent":48,"menu_order":0,"comment_status":"closed","ping_status":"closed","template":"artist.php","meta":{"footnotes":""},"class_list":["post-193","page","type-page","status-publish","has-post-thumbnail","hentry"],"_links":{"self":[{"href":"https:\/\/wp.uni-koblenz.de\/unimus\/wp-json\/wp\/v2\/pages\/193","targetHints":{"allow":["GET"]}}],"collection":[{"href":"https:\/\/wp.uni-koblenz.de\/unimus\/wp-json\/wp\/v2\/pages"}],"about":[{"href":"https:\/\/wp.uni-koblenz.de\/unimus\/wp-json\/wp\/v2\/types\/page"}],"author":[{"embeddable":true,"href":"https:\/\/wp.uni-koblenz.de\/unimus\/wp-json\/wp\/v2\/users\/11"}],"replies":[{"embeddable":true,"href":"https:\/\/wp.uni-koblenz.de\/unimus\/wp-json\/wp\/v2\/comments?post=193"}],"version-history":[{"count":2,"href":"https:\/\/wp.uni-koblenz.de\/unimus\/wp-json\/wp\/v2\/pages\/193\/revisions"}],"predecessor-version":[{"id":1046,"href":"https:\/\/wp.uni-koblenz.de\/unimus\/wp-json\/wp\/v2\/pages\/193\/revisions\/1046"}],"up":[{"embeddable":true,"href":"https:\/\/wp.uni-koblenz.de\/unimus\/wp-json\/wp\/v2\/pages\/48"}],"wp:featuredmedia":[{"embeddable":true,"href":"https:\/\/wp.uni-koblenz.de\/unimus\/wp-json\/wp\/v2\/media\/368"}],"wp:attachment":[{"href":"https:\/\/wp.uni-koblenz.de\/unimus\/wp-json\/wp\/v2\/media?parent=193"}],"curies":[{"name":"wp","href":"https:\/\/api.w.org\/{rel}","templated":true}]}}