{"id":195,"date":"2017-11-21T17:25:59","date_gmt":"2017-11-21T16:25:59","guid":{"rendered":"https:\/\/wp.uni-koblenz.de\/unimus\/?page_id=195"},"modified":"2018-04-16T19:53:22","modified_gmt":"2018-04-16T17:53:22","slug":"florian-klein","status":"publish","type":"page","link":"https:\/\/wp.uni-koblenz.de\/unimus\/kuenstler\/florian-klein\/","title":{"rendered":"Florian Klein"},"content":{"rendered":"<p>Der geb\u00fcrtige Saarl\u00e4nder Florian Klein studiert an der Universit\u00e4t Koblenz-Landau mit dem Ziel master of education in den F\u00e4chern Musik und Geographie. Seine ersten musikalischen Ausbildungen erfolgten im Fach Trompete, Klavier und Gesang. Sein Tenor f\u00fchrte ihn u.a. in die Ensembles der Universit\u00e4t Koblenz, amici musicae Leipzig, den Philharmonischen Chor Bochum und den Extrachor des Theater Koblenz. F\u00fcr die Jahre 2016 \u2013 2018 erhielt er das Gesangstipendium des G\u00fcrzenich-Chores K\u00f6ln mit individuellem Gesangsunterricht bei Professor Mario Hoff der Hochschulen f\u00fcr Musik und Tanz K\u00f6ln.<br \/>\nDer Kammerchor Stuttgart mit seinem k\u00fcnstlerischen Leiter Frieder Bernius hat Florian Klein zur Sommertournee 2018 eingeladen. Erste solistische Auftritte erfolgten in Koblenz, K\u00f6ln, M\u00f6nchengladbach und Brasilien.<\/p>\n","protected":false},"excerpt":{"rendered":"<p>Der geb\u00fcrtige Saarl\u00e4nder Florian Klein studiert an der Universit\u00e4t Koblenz-Landau mit dem Ziel master of education in den F\u00e4chern Musik und Geographie. Seine ersten musikalischen Ausbildungen erfolgten im Fach Trompete, Klavier und Gesang. Sein Tenor f\u00fchrte ihn u.a. in die Ensembles der Universit\u00e4t Koblenz, amici musicae Leipzig, den Philharmonischen Chor Bochum und den Extrachor des &hellip; <\/p>\n<p class=\"link-more\"><a href=\"https:\/\/wp.uni-koblenz.de\/unimus\/kuenstler\/florian-klein\/\" class=\"more-link\"><span class=\"screen-reader-text\">\u201eFlorian Klein\u201c <\/span>weiterlesen<\/a><\/p>\n","protected":false},"author":11,"featured_media":409,"parent":48,"menu_order":0,"comment_status":"closed","ping_status":"closed","template":"artist.php","meta":{"footnotes":""},"class_list":["post-195","page","type-page","status-publish","has-post-thumbnail","hentry"],"_links":{"self":[{"href":"https:\/\/wp.uni-koblenz.de\/unimus\/wp-json\/wp\/v2\/pages\/195","targetHints":{"allow":["GET"]}}],"collection":[{"href":"https:\/\/wp.uni-koblenz.de\/unimus\/wp-json\/wp\/v2\/pages"}],"about":[{"href":"https:\/\/wp.uni-koblenz.de\/unimus\/wp-json\/wp\/v2\/types\/page"}],"author":[{"embeddable":true,"href":"https:\/\/wp.uni-koblenz.de\/unimus\/wp-json\/wp\/v2\/users\/11"}],"replies":[{"embeddable":true,"href":"https:\/\/wp.uni-koblenz.de\/unimus\/wp-json\/wp\/v2\/comments?post=195"}],"version-history":[{"count":4,"href":"https:\/\/wp.uni-koblenz.de\/unimus\/wp-json\/wp\/v2\/pages\/195\/revisions"}],"predecessor-version":[{"id":411,"href":"https:\/\/wp.uni-koblenz.de\/unimus\/wp-json\/wp\/v2\/pages\/195\/revisions\/411"}],"up":[{"embeddable":true,"href":"https:\/\/wp.uni-koblenz.de\/unimus\/wp-json\/wp\/v2\/pages\/48"}],"wp:featuredmedia":[{"embeddable":true,"href":"https:\/\/wp.uni-koblenz.de\/unimus\/wp-json\/wp\/v2\/media\/409"}],"wp:attachment":[{"href":"https:\/\/wp.uni-koblenz.de\/unimus\/wp-json\/wp\/v2\/media?parent=195"}],"curies":[{"name":"wp","href":"https:\/\/api.w.org\/{rel}","templated":true}]}}