{"id":2,"date":"2016-10-24T13:54:52","date_gmt":"2016-10-24T11:54:52","guid":{"rendered":"https:\/\/wp.uni-koblenz.de\/unimus\/?page_id=2"},"modified":"2019-12-23T12:15:15","modified_gmt":"2019-12-23T11:15:15","slug":"unimus","status":"publish","type":"page","link":"https:\/\/wp.uni-koblenz.de\/unimus\/","title":{"rendered":"Startseite"},"content":{"rendered":"\n<div class=\"morelink-wrapper\">\n<p><a href=\"https:\/\/wp.uni-koblenz.de\/unimus\/konzerte\/\">Mehr Konzerte anzeigen<\/a><\/p>\n<\/div>\n\n\n\n<h2 class=\"wp-block-heading\">K\u00fcnstler &amp; Ensembles<\/h2>\n\n\n\n<div class=\"artist-list\">\n\n\n\n<a href=\"https:\/\/wp.uni-koblenz.de\/unimus\/kuenstler\/bohuslav-matousek\/\"><img loading=\"lazy\" decoding=\"async\" class=\"alignnone wp-image-367 size-medium\" src=\"https:\/\/wp.uni-koblenz.de\/unimus\/wp-content\/uploads\/sites\/16\/2019\/03\/20190000_Bohuslav_Matousek_q.jpg\" alt=\"\" width=\"300\" height=\"300\"><strong>Bohuslav Matou\u0161ek<\/strong><\/a>\n\n\n\n<a href=\"https:\/\/wp.uni-koblenz.de\/unimus\/kuenstler\/svenja-lehmann\/\"><img loading=\"lazy\" decoding=\"async\" class=\"alignnone wp-image-394 size-medium\" src=\"https:\/\/wp.uni-koblenz.de\/unimus\/wp-content\/uploads\/sites\/16\/2019\/03\/20190000_Svenja_Lehmann_q.jpg\" alt=\"\" width=\"300\" height=\"300\"><strong>Svenja Lehmann<\/strong><\/a>\n\n\n\n<a href=\"https:\/\/wp.uni-koblenz.de\/unimus\/kuenstler\/jakub-junek\/\"><img loading=\"lazy\" decoding=\"async\" class=\"alignnone wp-image-759 size-medium\" src=\"https:\/\/wp.uni-koblenz.de\/unimus\/wp-content\/uploads\/sites\/16\/2018\/11\/20190000_Jakub_Junek_q-300x300.jpg\" alt=\"\" width=\"300\" height=\"300\" srcset=\"https:\/\/wp.uni-koblenz.de\/unimus\/wp-content\/uploads\/sites\/16\/2018\/11\/20190000_Jakub_Junek_q-300x300.jpg 300w, https:\/\/wp.uni-koblenz.de\/unimus\/wp-content\/uploads\/sites\/16\/2018\/11\/20190000_Jakub_Junek_q-150x150.jpg 150w, https:\/\/wp.uni-koblenz.de\/unimus\/wp-content\/uploads\/sites\/16\/2018\/11\/20190000_Jakub_Junek_q-100x100.jpg 100w, https:\/\/wp.uni-koblenz.de\/unimus\/wp-content\/uploads\/sites\/16\/2018\/11\/20190000_Jakub_Junek_q.jpg 330w\" sizes=\"auto, (max-width: 300px) 100vw, 300px\" \/><strong>Jakub Junek<\/strong><\/a>\n\n\n\n<a href=\"https:\/\/wp.uni-koblenz.de\/unimus\/kuenstler\/stefanie-kunschke\/\"><img loading=\"lazy\" decoding=\"async\" class=\"alignnone wp-image-367 size-medium\" src=\"https:\/\/wp.uni-koblenz.de\/unimus\/wp-content\/uploads\/sites\/16\/2019\/03\/20190000_Stefanie_Kunschke_q.jpg\" alt=\"\" width=\"300\" height=\"300\"><strong>Stefanie Kunschke<\/strong><\/a>\n\n\n\n<a href=\"https:\/\/wp.uni-koblenz.de\/unimus\/kuenstler\/christian-jeub\/\"><img loading=\"lazy\" decoding=\"async\" class=\"alignnone size-medium wp-image-398\" src=\"https:\/\/wp.uni-koblenz.de\/unimus\/wp-content\/uploads\/sites\/16\/2018\/04\/20180000_Christian_Jeub_q-300x300.jpg\" alt=\"\" width=\"300\" height=\"300\" srcset=\"https:\/\/wp.uni-koblenz.de\/unimus\/wp-content\/uploads\/sites\/16\/2018\/04\/20180000_Christian_Jeub_q-300x300.jpg 300w, https:\/\/wp.uni-koblenz.de\/unimus\/wp-content\/uploads\/sites\/16\/2018\/04\/20180000_Christian_Jeub_q-150x150.jpg 150w, https:\/\/wp.uni-koblenz.de\/unimus\/wp-content\/uploads\/sites\/16\/2018\/04\/20180000_Christian_Jeub_q-600x600.jpg 600w, https:\/\/wp.uni-koblenz.de\/unimus\/wp-content\/uploads\/sites\/16\/2018\/04\/20180000_Christian_Jeub_q-100x100.jpg 100w, https:\/\/wp.uni-koblenz.de\/unimus\/wp-content\/uploads\/sites\/16\/2018\/04\/20180000_Christian_Jeub_q.jpg 719w\" sizes=\"auto, (max-width: 300px) 100vw, 300px\" \/><strong>Christian Jeub<\/strong><\/a>\n\n\n\n<a href=\"https:\/\/wp.uni-koblenz.de\/unimus\/ensembles\/universitaetschor\/\"><img loading=\"lazy\" decoding=\"async\" class=\"alignnone size-medium wp-image-532\" src=\"https:\/\/wp.uni-koblenz.de\/unimus\/wp-content\/uploads\/sites\/16\/2018\/05\/20180000_Chor_q-300x300.jpg\" alt=\"\" width=\"300\" height=\"300\" srcset=\"https:\/\/wp.uni-koblenz.de\/unimus\/wp-content\/uploads\/sites\/16\/2018\/05\/20180000_Chor_q-300x300.jpg 300w, https:\/\/wp.uni-koblenz.de\/unimus\/wp-content\/uploads\/sites\/16\/2018\/05\/20180000_Chor_q-150x150.jpg 150w, https:\/\/wp.uni-koblenz.de\/unimus\/wp-content\/uploads\/sites\/16\/2018\/05\/20180000_Chor_q-768x767.jpg 768w, https:\/\/wp.uni-koblenz.de\/unimus\/wp-content\/uploads\/sites\/16\/2018\/05\/20180000_Chor_q-600x600.jpg 600w, https:\/\/wp.uni-koblenz.de\/unimus\/wp-content\/uploads\/sites\/16\/2018\/05\/20180000_Chor_q-800x799.jpg 800w, https:\/\/wp.uni-koblenz.de\/unimus\/wp-content\/uploads\/sites\/16\/2018\/05\/20180000_Chor_q-100x100.jpg 100w, https:\/\/wp.uni-koblenz.de\/unimus\/wp-content\/uploads\/sites\/16\/2018\/05\/20180000_Chor_q.jpg 1200w\" sizes=\"auto, (max-width: 300px) 100vw, 300px\" \/><strong>Universit\u00e4tschor<\/strong><\/a>\n\n\n\n<a href=\"https:\/\/wp.uni-koblenz.de\/unimus\/ensembles\/uni-vokalensemble\/\"><img loading=\"lazy\" decoding=\"async\" class=\"alignnone wp-image-674 size-medium\" src=\"https:\/\/wp.uni-koblenz.de\/unimus\/wp-content\/uploads\/sites\/16\/2018\/09\/20180000_VE2_q-300x300.jpg\" alt=\"\" width=\"300\" height=\"300\" srcset=\"https:\/\/wp.uni-koblenz.de\/unimus\/wp-content\/uploads\/sites\/16\/2018\/09\/20180000_VE2_q-300x300.jpg 300w, https:\/\/wp.uni-koblenz.de\/unimus\/wp-content\/uploads\/sites\/16\/2018\/09\/20180000_VE2_q-150x150.jpg 150w, https:\/\/wp.uni-koblenz.de\/unimus\/wp-content\/uploads\/sites\/16\/2018\/09\/20180000_VE2_q-768x768.jpg 768w, https:\/\/wp.uni-koblenz.de\/unimus\/wp-content\/uploads\/sites\/16\/2018\/09\/20180000_VE2_q-600x600.jpg 600w, https:\/\/wp.uni-koblenz.de\/unimus\/wp-content\/uploads\/sites\/16\/2018\/09\/20180000_VE2_q-100x100.jpg 100w, https:\/\/wp.uni-koblenz.de\/unimus\/wp-content\/uploads\/sites\/16\/2018\/09\/20180000_VE2_q.jpg 799w\" sizes=\"auto, (max-width: 300px) 100vw, 300px\" \/><strong>UNI-Vokalensemble<\/strong><\/a>\n\n\n\n<a href=\"https:\/\/wp.uni-koblenz.de\/unimus\/ensembles\/junges-symphonieorchester-koblenz\/\"><img loading=\"lazy\" decoding=\"async\" class=\"alignnone size-medium wp-image-559\" src=\"https:\/\/wp.uni-koblenz.de\/unimus\/wp-content\/uploads\/sites\/16\/2018\/05\/20180000_jso-300x300.jpg\" alt=\"\" width=\"300\" height=\"300\"><strong>Junges Sinfonieorchester<\/strong><\/a>\n\n\n\n<\/div>\n\n\n\n<div class=\"morelink-wrapper\" style=\"margin-bottom: 4rem\">\n<p><a href=\"https:\/\/wp.uni-koblenz.de\/unimus\/kuenstler\/\">Mehr anzeigen<\/a><\/p>\n<\/div>\n\n\n\n<div class=\"front-page-box\">\n\n\n\n<a href=\"https:\/\/wp.uni-koblenz.de\/unimus\/projekte\/studientag\/\"><img loading=\"lazy\" decoding=\"async\" class=\"alignleft wp-image-352 size-large\" src=\"https:\/\/wp.uni-koblenz.de\/unimus\/wp-content\/uploads\/sites\/16\/2019\/07\/20191026_studientag.jpg\" alt=\"\" width=\"525\" height=\"371\"><\/a>\n\n\n\n<h3>Studientag<\/h3>\n<p>Auf dem Studientag werden Workshops insbesondere zum Thema &#8222;Musizieren mit Kindern und Jugendlichen&#8220; angeboten. Die Teilnahme ist kostenlos. Der 4. Studientag wird am 31.10.2020 stattfinden.<br><a href=\"https:\/\/wp.uni-koblenz.de\/unimus\/projekte\/studientag\/\">mehr erfahren<\/a><\/p>\n\n\n\n<\/div>\n","protected":false},"excerpt":{"rendered":"<p>Mehr Konzerte anzeigen K\u00fcnstler &amp; Ensembles Bohuslav Matou\u0161ek Svenja Lehmann Jakub Junek Stefanie Kunschke Christian Jeub Universit\u00e4tschor UNI-Vokalensemble Junges Sinfonieorchester Mehr anzeigen Studientag Auf dem Studientag werden Workshops insbesondere zum Thema &#8222;Musizieren mit Kindern und Jugendlichen&#8220; angeboten. Die Teilnahme ist kostenlos. Der 4. Studientag wird am 31.10.2020 stattfinden.mehr erfahren<\/p>\n","protected":false},"author":11,"featured_media":0,"parent":0,"menu_order":0,"comment_status":"closed","ping_status":"closed","template":"","meta":{"footnotes":""},"class_list":["post-2","page","type-page","status-publish","hentry"],"_links":{"self":[{"href":"https:\/\/wp.uni-koblenz.de\/unimus\/wp-json\/wp\/v2\/pages\/2","targetHints":{"allow":["GET"]}}],"collection":[{"href":"https:\/\/wp.uni-koblenz.de\/unimus\/wp-json\/wp\/v2\/pages"}],"about":[{"href":"https:\/\/wp.uni-koblenz.de\/unimus\/wp-json\/wp\/v2\/types\/page"}],"author":[{"embeddable":true,"href":"https:\/\/wp.uni-koblenz.de\/unimus\/wp-json\/wp\/v2\/users\/11"}],"replies":[{"embeddable":true,"href":"https:\/\/wp.uni-koblenz.de\/unimus\/wp-json\/wp\/v2\/comments?post=2"}],"version-history":[{"count":50,"href":"https:\/\/wp.uni-koblenz.de\/unimus\/wp-json\/wp\/v2\/pages\/2\/revisions"}],"predecessor-version":[{"id":1215,"href":"https:\/\/wp.uni-koblenz.de\/unimus\/wp-json\/wp\/v2\/pages\/2\/revisions\/1215"}],"wp:attachment":[{"href":"https:\/\/wp.uni-koblenz.de\/unimus\/wp-json\/wp\/v2\/media?parent=2"}],"curies":[{"name":"wp","href":"https:\/\/api.w.org\/{rel}","templated":true}]}}