{"id":241,"date":"2017-12-13T15:00:59","date_gmt":"2017-12-13T14:00:59","guid":{"rendered":"https:\/\/wp.uni-koblenz.de\/unimus\/?page_id=241"},"modified":"2018-04-16T19:57:43","modified_gmt":"2018-04-16T17:57:43","slug":"leah-gordon","status":"publish","type":"page","link":"https:\/\/wp.uni-koblenz.de\/unimus\/kuenstler\/leah-gordon\/","title":{"rendered":"Leah Gordon"},"content":{"rendered":"<p>Die Sopranistin Leah Gordon begann ihre Ausbildung an der Universit\u00e4t Toronto bei Mary Morrison und schloss sie 2005 mit dem Master of Music in Performance mit Auszeichnung an der Guildhall School of Music und Drama in London ab. Sie erhielt zahlreiche Auszeichnungen, u.a. den 2. Preis der Finalisten beim Concours International de Chant de Verviers, Belgien, und den 3. Preis beim Concorso Internazionale per cantanti lirici Spazio Musica, Orvieto, Italien. Im September 2016 ist sie mit dem 2. Preis bei der Elizabeth Connell Prize International Singing Competition for Dramatic Sopranos in Sydney ausgezeichnet worden. Ihr erstes Engagement f\u00fchrte sie nach Gelsenkirchen ans Musiktheater im Revier, wo sie f\u00fcr ihre hervorragenden Interpretationen 2008 den Gelsenkirchener Theaterpreis erhielt. 2012 und 2016 war sie Stipendiatin des Canada Council for the Arts. Seit 2008 ist Leah Gordon am Staatstheater N\u00fcrnberg engagiert, wo sie u.a. die Partien der Donna Anna in \u201eDon Giovanni\u201c, Pamina in \u201eDie Zauberfl\u00f6te\u201c, Mica\u00ebla in \u201eCarmen\u201c, Mathilde in \u201eWilhelm Tell\u201c, Medora in \u201eIl Corsaro\u201c, Konstanze in \u201eDie Entf\u00fchrung aus dem Serail\u201c und Marguerite de Valois in \u201eDie Hugenotten\u201c sang. Zu ihren j\u00fcngsten Partien z\u00e4hlen u.a. Rachel in \u201eDie J\u00fcdin\u201d, Gr\u00e4fin Almaviva in \u201eDie Hochzeit des Figaro&#8220; und Leila in \u201eDie Perlenfischer&#8220;. 2016 coverte sie au\u00dferdem Eva Pogner in \u201eDie Meistersinger von N\u00fcrnberg&#8220; und Donna Anna in \u201eDon Giovanni&#8220; beim Glyndebourne Festival. In der Spielzeit 2016\/2017 ist Leah Gordon als Mutter in \u201eH\u00e4nsel und Gretel&#8220; und Odabella in &#8222;Attila&#8220; zu erleben und deb\u00fctiert an der Bayerischen Staatsoper in M\u00fcnchen als Erste Dame in \u201eDie Zauberfl\u00f6te&#8220;.<\/p>\n","protected":false},"excerpt":{"rendered":"<p>Die Sopranistin Leah Gordon begann ihre Ausbildung an der Universit\u00e4t Toronto bei Mary Morrison und schloss sie 2005 mit dem Master of Music in Performance mit Auszeichnung an der Guildhall School of Music und Drama in London ab. Sie erhielt zahlreiche Auszeichnungen, u.a. den 2. Preis der Finalisten beim Concours International de Chant de Verviers, &hellip; <\/p>\n<p class=\"link-more\"><a href=\"https:\/\/wp.uni-koblenz.de\/unimus\/kuenstler\/leah-gordon\/\" class=\"more-link\"><span class=\"screen-reader-text\">\u201eLeah Gordon\u201c <\/span>weiterlesen<\/a><\/p>\n","protected":false},"author":11,"featured_media":416,"parent":48,"menu_order":0,"comment_status":"closed","ping_status":"closed","template":"artist.php","meta":{"footnotes":""},"class_list":["post-241","page","type-page","status-publish","has-post-thumbnail","hentry"],"_links":{"self":[{"href":"https:\/\/wp.uni-koblenz.de\/unimus\/wp-json\/wp\/v2\/pages\/241","targetHints":{"allow":["GET"]}}],"collection":[{"href":"https:\/\/wp.uni-koblenz.de\/unimus\/wp-json\/wp\/v2\/pages"}],"about":[{"href":"https:\/\/wp.uni-koblenz.de\/unimus\/wp-json\/wp\/v2\/types\/page"}],"author":[{"embeddable":true,"href":"https:\/\/wp.uni-koblenz.de\/unimus\/wp-json\/wp\/v2\/users\/11"}],"replies":[{"embeddable":true,"href":"https:\/\/wp.uni-koblenz.de\/unimus\/wp-json\/wp\/v2\/comments?post=241"}],"version-history":[{"count":1,"href":"https:\/\/wp.uni-koblenz.de\/unimus\/wp-json\/wp\/v2\/pages\/241\/revisions"}],"predecessor-version":[{"id":243,"href":"https:\/\/wp.uni-koblenz.de\/unimus\/wp-json\/wp\/v2\/pages\/241\/revisions\/243"}],"up":[{"embeddable":true,"href":"https:\/\/wp.uni-koblenz.de\/unimus\/wp-json\/wp\/v2\/pages\/48"}],"wp:featuredmedia":[{"embeddable":true,"href":"https:\/\/wp.uni-koblenz.de\/unimus\/wp-json\/wp\/v2\/media\/416"}],"wp:attachment":[{"href":"https:\/\/wp.uni-koblenz.de\/unimus\/wp-json\/wp\/v2\/media?parent=241"}],"curies":[{"name":"wp","href":"https:\/\/api.w.org\/{rel}","templated":true}]}}