{"id":244,"date":"2017-12-13T15:03:35","date_gmt":"2017-12-13T14:03:35","guid":{"rendered":"https:\/\/wp.uni-koblenz.de\/unimus\/?page_id=244"},"modified":"2019-03-02T13:41:54","modified_gmt":"2019-03-02T12:41:54","slug":"melanie-lang","status":"publish","type":"page","link":"https:\/\/wp.uni-koblenz.de\/unimus\/kuenstler\/melanie-lang\/","title":{"rendered":"Melanie Lang"},"content":{"rendered":"<p>Die \u00f6sterreichische Mezzosopranistin absolvierte ihr Gesangsstudium 2008 an der renommierten Guildhall School of Music and Drama in London mit h\u00f6chster Auszeichnung. 2009 wurde sie Mitglied des Opernstudios der Deutschen Oper am Rhein D\u00fcsseldorf\/Duisburg und wurde dort 2010 von s\u00e4mtlichen Theaterkritikern als &#8218;Beste Nachwuchss\u00e4ngerin in NRW&#8216; benannt. F\u00fcr die Deutsche Oper am Rhein sang sie die Titelpartie in Ravels &#8218;L\u2019enfant et les sortil\u00e8ges&#8216;, Annio (La clemenza di Tito), Merc\u00e9d\u00e8s (Carmen), Kate (Madama Butterfly), Rosette (Manon) und Fidalma (Il matrimonio segreto).<\/p>\n<p>In der Spielzeit 2011\/12 begann sie als Gast am Pfalztheater Kaiserslautern und wurde dann fest ins Ensemble engagiert. Melanie Lang gastierte u.a. am Theater Dortmund, im Musiktheater im Revier, bei den Heidenheimer Festspielen und am Landestheater Innsbruck, wo sie 2012 mit Afra (La Wally) und 2013\/14 mit Preziosilla (La forza del destino) deb\u00fctierte. In London sang sie u.a. Hauptpartien wie Carmen.<\/p>\n<p>Zahlreiche Konzerte und Oratorienauff\u00fchrungen f\u00fchrten sie in Konzerts\u00e4le wie die Royal Albert Hall, das Barbican Centre und die Wigmore Hall. In Deutschland konzertierte sie bereits mehrmals in der Tonhalle D\u00fcsseldorf, der K\u00f6lner Philharmonie und der Beethovenhalle Bonn. Noch w\u00e4hrend ihres Studiums sang Melanie Lang bei den Salzburger Festspielen und der Berliner Philharmonie mit den Berliner Philharmonikern unter Sir Simon Rattle. Seit der Spielzeit 2014\/15 geh\u00f6rt sie dem Opernensemble des Oldenburgischen Staatstheaters an.<\/p>\n","protected":false},"excerpt":{"rendered":"<p>Die \u00f6sterreichische Mezzosopranistin absolvierte ihr Gesangsstudium 2008 an der renommierten Guildhall School of Music and Drama in London mit h\u00f6chster Auszeichnung. 2009 wurde sie Mitglied des Opernstudios der Deutschen Oper am Rhein D\u00fcsseldorf\/Duisburg und wurde dort 2010 von s\u00e4mtlichen Theaterkritikern als &#8218;Beste Nachwuchss\u00e4ngerin in NRW&#8216; benannt. F\u00fcr die Deutsche Oper am Rhein sang sie die &hellip; <\/p>\n<p class=\"link-more\"><a href=\"https:\/\/wp.uni-koblenz.de\/unimus\/kuenstler\/melanie-lang\/\" class=\"more-link\"><span class=\"screen-reader-text\">\u201eMelanie Lang\u201c <\/span>weiterlesen<\/a><\/p>\n","protected":false},"author":11,"featured_media":794,"parent":48,"menu_order":0,"comment_status":"closed","ping_status":"closed","template":"artist.php","meta":{"footnotes":""},"class_list":["post-244","page","type-page","status-publish","has-post-thumbnail","hentry"],"_links":{"self":[{"href":"https:\/\/wp.uni-koblenz.de\/unimus\/wp-json\/wp\/v2\/pages\/244","targetHints":{"allow":["GET"]}}],"collection":[{"href":"https:\/\/wp.uni-koblenz.de\/unimus\/wp-json\/wp\/v2\/pages"}],"about":[{"href":"https:\/\/wp.uni-koblenz.de\/unimus\/wp-json\/wp\/v2\/types\/page"}],"author":[{"embeddable":true,"href":"https:\/\/wp.uni-koblenz.de\/unimus\/wp-json\/wp\/v2\/users\/11"}],"replies":[{"embeddable":true,"href":"https:\/\/wp.uni-koblenz.de\/unimus\/wp-json\/wp\/v2\/comments?post=244"}],"version-history":[{"count":2,"href":"https:\/\/wp.uni-koblenz.de\/unimus\/wp-json\/wp\/v2\/pages\/244\/revisions"}],"predecessor-version":[{"id":792,"href":"https:\/\/wp.uni-koblenz.de\/unimus\/wp-json\/wp\/v2\/pages\/244\/revisions\/792"}],"up":[{"embeddable":true,"href":"https:\/\/wp.uni-koblenz.de\/unimus\/wp-json\/wp\/v2\/pages\/48"}],"wp:featuredmedia":[{"embeddable":true,"href":"https:\/\/wp.uni-koblenz.de\/unimus\/wp-json\/wp\/v2\/media\/794"}],"wp:attachment":[{"href":"https:\/\/wp.uni-koblenz.de\/unimus\/wp-json\/wp\/v2\/media?parent=244"}],"curies":[{"name":"wp","href":"https:\/\/api.w.org\/{rel}","templated":true}]}}