{"id":246,"date":"2017-12-13T15:04:50","date_gmt":"2017-12-13T14:04:50","guid":{"rendered":"https:\/\/wp.uni-koblenz.de\/unimus\/?page_id=246"},"modified":"2018-04-16T18:55:54","modified_gmt":"2018-04-16T16:55:54","slug":"andreas-post","status":"publish","type":"page","link":"https:\/\/wp.uni-koblenz.de\/unimus\/kuenstler\/andreas-post\/","title":{"rendered":"Andreas Post"},"content":{"rendered":"<p>Der Tenor Andreas Post studierte bei Prof. Soto Papulkas an der Folkwang-Hochschule in Essen zun\u00e4chst Schulmusik, wechselte aber dann in den Bereich Musiktheater \/ Gesang. Sein Examen bestand der S\u00e4nger mit Auszeichnung. In Kursen bei Margreet Honig erg\u00e4nzt und verfeinert er seine Studien. 1998 erhielt der geb\u00fcrtige Arnsberger einen zweiten Preis beim 11. Internationalen Bach-Wettbewerb in Leipzig sowie einen Sonderpreis des MDR. Seine rege Konzertt\u00e4tigkeit f\u00fchrt den Stipendiaten des Richard Wagner-Verbandes K\u00f6ln immer wieder \u00fcber die Grenzen Deutschlands und Europas hinaus, so unter anderem nach Israel, S\u00fcdafrika, die Ukraine und Singapur. Posts besonderes Engagement gilt dem Kunstlied, dem er sich seit 1995 intensiv widmet. Inzwischen sind zwei Lied-CDs, zuletzt \u201cDie sch\u00f6ne M\u00fcllerin\u201d von Franz Schubert erschienen. Mit einer Solo-CD, die er zusammen mit dem Barockorchester Le Chardon aufgenommen hat und auf der er mit Arien von Bach, Telemann und Keiser unter dem Titel \u201cMein Alles in Allem\u201d zu h\u00f6ren ist, hat er sich einen lang gehegten Traum erf\u00fcllt.<\/p>\n","protected":false},"excerpt":{"rendered":"<p>Der Tenor Andreas Post studierte bei Prof. Soto Papulkas an der Folkwang-Hochschule in Essen zun\u00e4chst Schulmusik, wechselte aber dann in den Bereich Musiktheater \/ Gesang. Sein Examen bestand der S\u00e4nger mit Auszeichnung. In Kursen bei Margreet Honig erg\u00e4nzt und verfeinert er seine Studien. 1998 erhielt der geb\u00fcrtige Arnsberger einen zweiten Preis beim 11. Internationalen Bach-Wettbewerb &hellip; <\/p>\n<p class=\"link-more\"><a href=\"https:\/\/wp.uni-koblenz.de\/unimus\/kuenstler\/andreas-post\/\" class=\"more-link\"><span class=\"screen-reader-text\">\u201eAndreas Post\u201c <\/span>weiterlesen<\/a><\/p>\n","protected":false},"author":11,"featured_media":366,"parent":48,"menu_order":0,"comment_status":"closed","ping_status":"closed","template":"artist.php","meta":{"footnotes":""},"class_list":["post-246","page","type-page","status-publish","has-post-thumbnail","hentry"],"_links":{"self":[{"href":"https:\/\/wp.uni-koblenz.de\/unimus\/wp-json\/wp\/v2\/pages\/246","targetHints":{"allow":["GET"]}}],"collection":[{"href":"https:\/\/wp.uni-koblenz.de\/unimus\/wp-json\/wp\/v2\/pages"}],"about":[{"href":"https:\/\/wp.uni-koblenz.de\/unimus\/wp-json\/wp\/v2\/types\/page"}],"author":[{"embeddable":true,"href":"https:\/\/wp.uni-koblenz.de\/unimus\/wp-json\/wp\/v2\/users\/11"}],"replies":[{"embeddable":true,"href":"https:\/\/wp.uni-koblenz.de\/unimus\/wp-json\/wp\/v2\/comments?post=246"}],"version-history":[{"count":1,"href":"https:\/\/wp.uni-koblenz.de\/unimus\/wp-json\/wp\/v2\/pages\/246\/revisions"}],"predecessor-version":[{"id":248,"href":"https:\/\/wp.uni-koblenz.de\/unimus\/wp-json\/wp\/v2\/pages\/246\/revisions\/248"}],"up":[{"embeddable":true,"href":"https:\/\/wp.uni-koblenz.de\/unimus\/wp-json\/wp\/v2\/pages\/48"}],"wp:featuredmedia":[{"embeddable":true,"href":"https:\/\/wp.uni-koblenz.de\/unimus\/wp-json\/wp\/v2\/media\/366"}],"wp:attachment":[{"href":"https:\/\/wp.uni-koblenz.de\/unimus\/wp-json\/wp\/v2\/media?parent=246"}],"curies":[{"name":"wp","href":"https:\/\/api.w.org\/{rel}","templated":true}]}}