{"id":249,"date":"2017-12-13T15:07:00","date_gmt":"2017-12-13T14:07:00","guid":{"rendered":"https:\/\/wp.uni-koblenz.de\/unimus\/?page_id=249"},"modified":"2018-04-16T20:12:25","modified_gmt":"2018-04-16T18:12:25","slug":"michael-adair","status":"publish","type":"page","link":"https:\/\/wp.uni-koblenz.de\/unimus\/kuenstler\/michael-adair\/","title":{"rendered":"Michael Adair"},"content":{"rendered":"<p>Der aus Kanada stammende Bariton Michael Adair ist Absolvent des Z\u00fcrcher internationalen Opernstudios, wo er als Jupiter in Cavallis &#8222;La Didone&#8220; auftrat, als Haushofmeister in &#8222;Andrea Chenier&#8220;, Zalzal in &#8222;L\u2019\u00c9toile&#8220;, Guccio in &#8222;Gianni Schicchi&#8220;, Ben Budge in Brittens &#8222;The Beggar\u2019s Opera&#8220; und in der Rolle des Jim in &#8222;La Fancuilla del West&#8220; unter der musikalischen Leitung von Nello Santi, Carlo Rizzi und Sir John Eliot Gardiner.<\/p>\n<p>Desweiteren sammelte er B\u00fchnenerfahrung als Herr Fluth in &#8222;Die lustigen Weiber von Windsor&#8220;, Marcello in &#8222;La Boheme&#8220;, Betto\/Il Notario in &#8222;Gianni Schicchi&#8220;, Starveling in Brittens &#8222;A Midsummer Night\u2019s Dream&#8220;, Elder Ott in Floyds &#8222;Susannah&#8220;, und er gestaltete die Titelrolle in Pasatieris &#8222;Signor Deluso&#8220; und trat k\u00fcrzlich an der Oper K\u00f6ln als Alter Knurrhahn in der Kinderoper &#8222;Vom Fischer und seiner Frau&#8220;, an der Teatro Communal di Sulmona als Gugliemo in &#8222;Cos\u00ed fan tutte&#8220; an der Oper Wuppertal als Bankier\/Theater Direktor in &#8222;Lulu&#8220;, in Kaiserslautern als Slook in Rossini&#8217;s &#8222;La Cambiale di Matrimonio&#8220;.<br \/>\nAdair wirkte auch in der gefeierten Produktion von Rossinis \u00bbPetite Messe solennelle\u00ab (mit Nico and the Navigators) mit und gastierte auf dem Kunstfest Weimar, bei den Bregenzer Festspielen, an der Op\u00e9ra Comique Paris, im Radialsystem Berlin und der Op\u00e9ra Dijon.<br \/>\nIm Konzertfach trat Michael bereits in der Carnegie Hall, der Berliner Philharmonie, der Konzerthaus Berlin, der Liederhalle Stuttgart auf und singt regelm\u00e4\u00dfig in der K\u00f6lner Philharmonie. Er arbeitete mit Ensembles wie der Rotterdam Philharmonic, Cappella Amsterdam, N\u00fcrnberg Symphoniker, The Brussels Choral Society, Freiburger Bachchor, Philharmonischer Chor K\u00f6ln, The Toronto Mendelssohn Choir, G\u00fcrzenich-Orchester, Bach-Collegium Stuttgart, der Neue Philharmonie Westfalen, der G\u00e4chinger Kantorei, der Philharmonische Orchester Heidelberg und Dirigenten wie Daniel Reuss, Helmuth Rilling und Andreas Spering.<\/p>\n","protected":false},"excerpt":{"rendered":"<p>Der aus Kanada stammende Bariton Michael Adair ist Absolvent des Z\u00fcrcher internationalen Opernstudios, wo er als Jupiter in Cavallis &#8222;La Didone&#8220; auftrat, als Haushofmeister in &#8222;Andrea Chenier&#8220;, Zalzal in &#8222;L\u2019\u00c9toile&#8220;, Guccio in &#8222;Gianni Schicchi&#8220;, Ben Budge in Brittens &#8222;The Beggar\u2019s Opera&#8220; und in der Rolle des Jim in &#8222;La Fancuilla del West&#8220; unter der musikalischen &hellip; <\/p>\n<p class=\"link-more\"><a href=\"https:\/\/wp.uni-koblenz.de\/unimus\/kuenstler\/michael-adair\/\" class=\"more-link\"><span class=\"screen-reader-text\">\u201eMichael Adair\u201c <\/span>weiterlesen<\/a><\/p>\n","protected":false},"author":11,"featured_media":426,"parent":48,"menu_order":0,"comment_status":"closed","ping_status":"closed","template":"artist.php","meta":{"footnotes":""},"class_list":["post-249","page","type-page","status-publish","has-post-thumbnail","hentry"],"_links":{"self":[{"href":"https:\/\/wp.uni-koblenz.de\/unimus\/wp-json\/wp\/v2\/pages\/249","targetHints":{"allow":["GET"]}}],"collection":[{"href":"https:\/\/wp.uni-koblenz.de\/unimus\/wp-json\/wp\/v2\/pages"}],"about":[{"href":"https:\/\/wp.uni-koblenz.de\/unimus\/wp-json\/wp\/v2\/types\/page"}],"author":[{"embeddable":true,"href":"https:\/\/wp.uni-koblenz.de\/unimus\/wp-json\/wp\/v2\/users\/11"}],"replies":[{"embeddable":true,"href":"https:\/\/wp.uni-koblenz.de\/unimus\/wp-json\/wp\/v2\/comments?post=249"}],"version-history":[{"count":1,"href":"https:\/\/wp.uni-koblenz.de\/unimus\/wp-json\/wp\/v2\/pages\/249\/revisions"}],"predecessor-version":[{"id":251,"href":"https:\/\/wp.uni-koblenz.de\/unimus\/wp-json\/wp\/v2\/pages\/249\/revisions\/251"}],"up":[{"embeddable":true,"href":"https:\/\/wp.uni-koblenz.de\/unimus\/wp-json\/wp\/v2\/pages\/48"}],"wp:featuredmedia":[{"embeddable":true,"href":"https:\/\/wp.uni-koblenz.de\/unimus\/wp-json\/wp\/v2\/media\/426"}],"wp:attachment":[{"href":"https:\/\/wp.uni-koblenz.de\/unimus\/wp-json\/wp\/v2\/media?parent=249"}],"curies":[{"name":"wp","href":"https:\/\/api.w.org\/{rel}","templated":true}]}}