{"id":287,"date":"2018-03-25T23:43:11","date_gmt":"2018-03-25T21:43:11","guid":{"rendered":"https:\/\/wp.uni-koblenz.de\/unimus\/?page_id=287"},"modified":"2018-04-16T20:18:45","modified_gmt":"2018-04-16T18:18:45","slug":"theresa-keller","status":"publish","type":"page","link":"https:\/\/wp.uni-koblenz.de\/unimus\/kuenstler\/theresa-keller\/","title":{"rendered":"Theresa Keller"},"content":{"rendered":"<p>Die Sopranistin Theresa Keller ist Studentin der Universit\u00e4t Koblenz-Landau.<br \/>\nIn Bad Ems geboren, musiziert sie von fr\u00fchem Kindesalter an, zun\u00e4chst mit ihrem Hauptfach Klarinette. Im Alter von 16 Jahren schlossen sich erste solistische Gesangsauftritte an. Sie besuchte bis zum Ende der 10. Klasse das Musikgymnasium Montabaur und schloss ihr Abitur am Goethe-Gymnasium in Bad Ems ab. Seit Ende 2015 studiert sie in Koblenz Lehramt auf Grundschule mit den F\u00e4chern Musik und Englisch. Dort hatte sie zwei Jahre lang Unterricht im Nebenfach Gesang bei Suk Westerkamp. Im Sommer 2017 schloss sie ihre Gesangspr\u00fcfung mit der Bestnote 1,0 ab. Seit Ende 2017 ist sie die offizielle S\u00e4ngerin des Musikverein Holler.<\/p>\n","protected":false},"excerpt":{"rendered":"<p>Die Sopranistin Theresa Keller ist Studentin der Universit\u00e4t Koblenz-Landau. In Bad Ems geboren, musiziert sie von fr\u00fchem Kindesalter an, zun\u00e4chst mit ihrem Hauptfach Klarinette. Im Alter von 16 Jahren schlossen sich erste solistische Gesangsauftritte an. Sie besuchte bis zum Ende der 10. Klasse das Musikgymnasium Montabaur und schloss ihr Abitur am Goethe-Gymnasium in Bad Ems &hellip; <\/p>\n<p class=\"link-more\"><a href=\"https:\/\/wp.uni-koblenz.de\/unimus\/kuenstler\/theresa-keller\/\" class=\"more-link\"><span class=\"screen-reader-text\">\u201eTheresa Keller\u201c <\/span>weiterlesen<\/a><\/p>\n","protected":false},"author":11,"featured_media":432,"parent":48,"menu_order":0,"comment_status":"closed","ping_status":"closed","template":"artist.php","meta":{"footnotes":""},"class_list":["post-287","page","type-page","status-publish","has-post-thumbnail","hentry"],"_links":{"self":[{"href":"https:\/\/wp.uni-koblenz.de\/unimus\/wp-json\/wp\/v2\/pages\/287","targetHints":{"allow":["GET"]}}],"collection":[{"href":"https:\/\/wp.uni-koblenz.de\/unimus\/wp-json\/wp\/v2\/pages"}],"about":[{"href":"https:\/\/wp.uni-koblenz.de\/unimus\/wp-json\/wp\/v2\/types\/page"}],"author":[{"embeddable":true,"href":"https:\/\/wp.uni-koblenz.de\/unimus\/wp-json\/wp\/v2\/users\/11"}],"replies":[{"embeddable":true,"href":"https:\/\/wp.uni-koblenz.de\/unimus\/wp-json\/wp\/v2\/comments?post=287"}],"version-history":[{"count":4,"href":"https:\/\/wp.uni-koblenz.de\/unimus\/wp-json\/wp\/v2\/pages\/287\/revisions"}],"predecessor-version":[{"id":435,"href":"https:\/\/wp.uni-koblenz.de\/unimus\/wp-json\/wp\/v2\/pages\/287\/revisions\/435"}],"up":[{"embeddable":true,"href":"https:\/\/wp.uni-koblenz.de\/unimus\/wp-json\/wp\/v2\/pages\/48"}],"wp:featuredmedia":[{"embeddable":true,"href":"https:\/\/wp.uni-koblenz.de\/unimus\/wp-json\/wp\/v2\/media\/432"}],"wp:attachment":[{"href":"https:\/\/wp.uni-koblenz.de\/unimus\/wp-json\/wp\/v2\/media?parent=287"}],"curies":[{"name":"wp","href":"https:\/\/api.w.org\/{rel}","templated":true}]}}