{"id":298,"date":"2018-03-25T23:48:18","date_gmt":"2018-03-25T21:48:18","guid":{"rendered":"https:\/\/wp.uni-koblenz.de\/unimus\/?page_id=298"},"modified":"2018-04-16T19:39:41","modified_gmt":"2018-04-16T17:39:41","slug":"bronislawa-falinska","status":"publish","type":"page","link":"https:\/\/wp.uni-koblenz.de\/unimus\/kuenstler\/bronislawa-falinska\/","title":{"rendered":"Bronislawa Falinska"},"content":{"rendered":"<p><span class=\"\">Als S\u00e4ngerin, Performerin, Autorin und Klang-Therapeutin arbeitet sie mit der menschlichen Stimme und graduierte mit Auszeichnung an der University of London \u00fcber Studien des Mittelalters\/ Renaissance in Polnisch und Englisch.<br class=\"\" \/> Ihr Diplom in Funktionaler Stimmtechnik erhielt sie bei Gisela Rohmert in Lichtenberg, Deutschland. Mittelalterliche Musik sang und spielte sie ein mit anerkannten Ensembles des Faches. Ferner gr\u00fcndete sie selbst die Formation De Labyrintho, die f\u00fcr Auff\u00fchrungen und Einspielungen zu Josquin Desprez bekannt sind. Seit \u00fcber 20 Jahren ist sie Klang-Therapeutin, gibt Workshops und Seminare zum Canto Evolutivo (Self-Music, Self-Healing) und erkundet selbst-regulatorische und heilende Aspekte der menschlichen Stimme.<\/span><\/p>\n","protected":false},"excerpt":{"rendered":"<p>Als S\u00e4ngerin, Performerin, Autorin und Klang-Therapeutin arbeitet sie mit der menschlichen Stimme und graduierte mit Auszeichnung an der University of London \u00fcber Studien des Mittelalters\/ Renaissance in Polnisch und Englisch. Ihr Diplom in Funktionaler Stimmtechnik erhielt sie bei Gisela Rohmert in Lichtenberg, Deutschland. Mittelalterliche Musik sang und spielte sie ein mit anerkannten Ensembles des Faches. &hellip; <\/p>\n<p class=\"link-more\"><a href=\"https:\/\/wp.uni-koblenz.de\/unimus\/kuenstler\/bronislawa-falinska\/\" class=\"more-link\"><span class=\"screen-reader-text\">\u201eBronislawa Falinska\u201c <\/span>weiterlesen<\/a><\/p>\n","protected":false},"author":11,"featured_media":395,"parent":48,"menu_order":0,"comment_status":"closed","ping_status":"closed","template":"artist.php","meta":{"footnotes":""},"class_list":["post-298","page","type-page","status-publish","has-post-thumbnail","hentry"],"_links":{"self":[{"href":"https:\/\/wp.uni-koblenz.de\/unimus\/wp-json\/wp\/v2\/pages\/298","targetHints":{"allow":["GET"]}}],"collection":[{"href":"https:\/\/wp.uni-koblenz.de\/unimus\/wp-json\/wp\/v2\/pages"}],"about":[{"href":"https:\/\/wp.uni-koblenz.de\/unimus\/wp-json\/wp\/v2\/types\/page"}],"author":[{"embeddable":true,"href":"https:\/\/wp.uni-koblenz.de\/unimus\/wp-json\/wp\/v2\/users\/11"}],"replies":[{"embeddable":true,"href":"https:\/\/wp.uni-koblenz.de\/unimus\/wp-json\/wp\/v2\/comments?post=298"}],"version-history":[{"count":5,"href":"https:\/\/wp.uni-koblenz.de\/unimus\/wp-json\/wp\/v2\/pages\/298\/revisions"}],"predecessor-version":[{"id":382,"href":"https:\/\/wp.uni-koblenz.de\/unimus\/wp-json\/wp\/v2\/pages\/298\/revisions\/382"}],"up":[{"embeddable":true,"href":"https:\/\/wp.uni-koblenz.de\/unimus\/wp-json\/wp\/v2\/pages\/48"}],"wp:featuredmedia":[{"embeddable":true,"href":"https:\/\/wp.uni-koblenz.de\/unimus\/wp-json\/wp\/v2\/media\/395"}],"wp:attachment":[{"href":"https:\/\/wp.uni-koblenz.de\/unimus\/wp-json\/wp\/v2\/media?parent=298"}],"curies":[{"name":"wp","href":"https:\/\/api.w.org\/{rel}","templated":true}]}}