{"id":301,"date":"2018-03-25T23:49:26","date_gmt":"2018-03-25T21:49:26","guid":{"rendered":"https:\/\/wp.uni-koblenz.de\/unimus\/?page_id=301"},"modified":"2018-05-25T20:01:39","modified_gmt":"2018-05-25T18:01:39","slug":"marco-muzzati","status":"publish","type":"page","link":"https:\/\/wp.uni-koblenz.de\/unimus\/kuenstler\/marco-muzzati\/","title":{"rendered":"Marco Muzzati"},"content":{"rendered":"<div class=\"\">Graduiert an der Universit\u00e4t Bologna im Gesamtstudiengang DAMS, Discipline delle Arti, della Musica e dello Spettacolo, arbeitet Marco Muzzati seit 1985 im Bereich der Alten Musik. Er erforschte\u00a0\u00a0Percussions-Techniken mittelalterlicher Musik, der Renaissance, des Barock und des Nahen Ostens. Meisterkurse in diesem Bereich, u.a. bei Ren\u00e9 Clemencic, erg\u00e4nzten seine Ausbildung. Er ist in verschiedenen Ensembles in und ausserhalb Italiens gefragt, wie Sensus<b class=\"\">\u00a0<\/b>(M. Muzzati)<b class=\"\">,\u00a0<\/b>Ensemble Cantilena Antiqua<b class=\"\">\u00a0<\/b>(S. Albarello)<b class=\"\">,\u00a0<\/b>Orchestra Barocca di Bologna<b class=\"\">\u00a0<\/b>(P.Faldi)<b class=\"\">,\u00a0<\/b>Accademia Strumentale Italiana<b class=\"\">\u00a0<\/b>(A.<b class=\"\">\u00a0<\/b>Rasi)<b class=\"\">,\u00a0<\/b>Accademia degli Astrusi<b class=\"\">\u00a0<\/b>(F. Ferri)<b class=\"\">\u00a0<\/b>Cappella Musicale di S. Petronio (M.<b class=\"\">\u00a0<\/b>Vannelli).<br class=\"\" \/>Einspielungen f\u00fcr RCA, Passacaille, Symphonie, Stradivarius und Tactus, wie auch f\u00fcr die Rundfunk- und Fernsehanstalten: RAI, BRTN (Belgien), WDR in K\u00f6ln, RSI (Schweiz) and HRT (Kroatien). Er gestaltete die Filmmusik &#8222;I Picari&#8220;\u00a0\u00a0von Mario Monicelli mit und musizierte szenisch in Carlos Sauras Film &#8222;I, Don Giovanni\u201c.<\/div>\n","protected":false},"excerpt":{"rendered":"<p>Graduiert an der Universit\u00e4t Bologna im Gesamtstudiengang DAMS, Discipline delle Arti, della Musica e dello Spettacolo, arbeitet Marco Muzzati seit 1985 im Bereich der Alten Musik. Er erforschte\u00a0\u00a0Percussions-Techniken mittelalterlicher Musik, der Renaissance, des Barock und des Nahen Ostens. Meisterkurse in diesem Bereich, u.a. bei Ren\u00e9 Clemencic, erg\u00e4nzten seine Ausbildung. Er ist in verschiedenen Ensembles in &hellip; <\/p>\n<p class=\"link-more\"><a href=\"https:\/\/wp.uni-koblenz.de\/unimus\/kuenstler\/marco-muzzati\/\" class=\"more-link\"><span class=\"screen-reader-text\">\u201eMarco Muzzati\u201c <\/span>weiterlesen<\/a><\/p>\n","protected":false},"author":11,"featured_media":523,"parent":48,"menu_order":0,"comment_status":"closed","ping_status":"closed","template":"artist.php","meta":{"footnotes":""},"class_list":["post-301","page","type-page","status-publish","has-post-thumbnail","hentry"],"_links":{"self":[{"href":"https:\/\/wp.uni-koblenz.de\/unimus\/wp-json\/wp\/v2\/pages\/301","targetHints":{"allow":["GET"]}}],"collection":[{"href":"https:\/\/wp.uni-koblenz.de\/unimus\/wp-json\/wp\/v2\/pages"}],"about":[{"href":"https:\/\/wp.uni-koblenz.de\/unimus\/wp-json\/wp\/v2\/types\/page"}],"author":[{"embeddable":true,"href":"https:\/\/wp.uni-koblenz.de\/unimus\/wp-json\/wp\/v2\/users\/11"}],"replies":[{"embeddable":true,"href":"https:\/\/wp.uni-koblenz.de\/unimus\/wp-json\/wp\/v2\/comments?post=301"}],"version-history":[{"count":1,"href":"https:\/\/wp.uni-koblenz.de\/unimus\/wp-json\/wp\/v2\/pages\/301\/revisions"}],"predecessor-version":[{"id":302,"href":"https:\/\/wp.uni-koblenz.de\/unimus\/wp-json\/wp\/v2\/pages\/301\/revisions\/302"}],"up":[{"embeddable":true,"href":"https:\/\/wp.uni-koblenz.de\/unimus\/wp-json\/wp\/v2\/pages\/48"}],"wp:featuredmedia":[{"embeddable":true,"href":"https:\/\/wp.uni-koblenz.de\/unimus\/wp-json\/wp\/v2\/media\/523"}],"wp:attachment":[{"href":"https:\/\/wp.uni-koblenz.de\/unimus\/wp-json\/wp\/v2\/media?parent=301"}],"curies":[{"name":"wp","href":"https:\/\/api.w.org\/{rel}","templated":true}]}}