{"id":456,"date":"2018-04-18T10:54:06","date_gmt":"2018-04-18T08:54:06","guid":{"rendered":"https:\/\/wp.uni-koblenz.de\/unimus\/?page_id=456"},"modified":"2018-04-18T10:56:40","modified_gmt":"2018-04-18T08:56:40","slug":"datenschutzerklaerung","status":"publish","type":"page","link":"https:\/\/wp.uni-koblenz.de\/unimus\/datenschutzerklaerung\/","title":{"rendered":"Datenschutzerkl\u00e4rung"},"content":{"rendered":"<p>Verantwortlich im Sinne der Datenschutzgesetzes:<\/p>\n<p>Universit\u00e4tsmusik Koblenz<br \/>\nUniversit\u00e4tsstra\u00dfe 1<br \/>\n56070 Koblenz<\/p>\n<p>0261-2870<br \/>\n<a href=\"mailto:musik@uni-koblenz.de\"> musik@uni-koblenz.de<\/a><br \/>\n<a href=\"http:\/\/unimus.eu\">unimus.eu<\/a><\/p>\n<p><strong>Erfassung von Daten<\/strong><\/p>\n<p>W\u00e4hrend Sie auf unsere Webseiten zugreifen, erfassen wir automatisch Daten von allgemeiner Natur. Diese Daten (Server-Logfiles) umfassen zum Beispiel die Art ihres Browsers, ihr Betriebssystem, den Domainnamen Ihres Internetanbieters sowie weitere \u00e4hnliche allgemeine Daten. Diese Daten sind absolut Personen unabh\u00e4ngig und werden genutzt, um Ihnen die Webseiten korrekt darzustellen und werden bei jeder Nutzung des Internets abgerufen. Die absolut anonymen Daten werden statistisch ausgewertet um unseren Service f\u00fcr Sie zu verbessern.<\/p>\n<p><strong>Anmeldung auf unserer Webseite<\/strong><\/p>\n<p>Bei der Anmeldung f\u00fcr spezifische Angebote erfragen wir einige pers\u00f6nliche Daten wie Name, Anschrift, Kontakt, Telefonnummer oder E-Mail-Adresse. Angemeldete Nutzer k\u00f6nnen auf bestimmte Zusatzleistungen zugreifen. Angemeldete Nutzer haben die M\u00f6glichkeit, alle angegebenen pers\u00f6nlichen Daten zu jedem Zeitpunkt zu \u00e4ndern oder l\u00f6schen zu lassen. Sie k\u00f6nnen auch jederzeit die von ihnen gespeicherten Daten bei uns erfragen. Soweit gesetzlich keine Frist f\u00fcr die Aufbewahrung der Daten besteht, k\u00f6nnen diese ge\u00e4ndert oder gel\u00f6scht werden. Bitte kontaktieren Sie uns dazu \u00fcber unsere Kontaktseite.<\/p>\n<p><strong>Newsletter<\/strong><\/p>\n<p>Wenn Se sich f\u00fcr unseren Newsletter anmelden nutzen wir die Anmeldedaten ausschlie\u00dflich f\u00fcr den Newsletter-Dienst. Angemeldete Nutzer k\u00f6nnen von uns kontaktiert werden um \u00fcber \u00c4nderungen, Aktualisierungen oder andere relevante Informationen unterrichtet zu werden.<\/p>\n<p>Bei der Anmeldung muss eine g\u00fcltige E-Mail-Adresse angegeben werden. \u00dcber das sogenannte \u201edouble-opt-in\u201c Verfahren wird gepr\u00fcft, ob Anmelder und E-Mail \u00fcbereinstimmen.<\/p>\n<p>Sie haben das Recht, ihre Daten f\u00fcr den Newsletterdienst jederzeit l\u00f6schen zu lassen. In unseren Newslettern finden Sie einen Link zur Abmeldung. Au\u00dferdem k\u00f6nnen Sie sich auf der Webseite abmelden oder uns ihren Wunsch \u00fcber unsere Kontaktseite mitteilen.<\/p>\n<p><strong>Kontaktformular<\/strong><\/p>\n<p>Wenn Sie uns \u00fcber unsere Kontaktseite kontaktieren oder uns eine E-Mail schicken werden die entsprechenden Daten zur Bearbeitung gespeichert.<\/p>\n<p><strong>L\u00f6schung oder Sperrung von Daten<\/strong><\/p>\n<p>Ihre pers\u00f6nlichen Daten werden nur so lange gespeichert, wie dies absolut notwendig ist um die angegebenen Dienste zu leisten und es vom Gesetz vorgeschrieben ist. Nach Ablauf dieser Fristen werden die pers\u00f6nlichen Daten der Nutzer regelm\u00e4\u00dfig gesperrt oder gel\u00f6scht.<\/p>\n<p><strong>Google Analytics<\/strong><\/p>\n<p>Unsere Webseite nutzt Google Analytics, den Webanalysedienst der Google Inc. (\u201eGoogle\u201c). Google Analytics nutzt \u201eCookies\u201c, kleine Textdateien, die auf Ihrem Rechner gespeichert werden und Daten zur Nutzung unserer Webseite speichern. Die vom Cookie erzeugten Daten \u00fcber die Nutzung unserer Webseite werden an einen Google Server in die USA \u00fcbertragen und gespeichert. Da auf unseren Webseiten eine IP-Anonymisierung aktiviert ist, wird Ihre IP-Adresse von Google gek\u00fcrzt. Dies gilt f\u00fcr Mitgliedstaaten der Europ\u00e4ischen Union und anderen Vertragsstaaten des Abkommens \u00fcber den Europ\u00e4ischen Wirtschaftsraum. In seltenen F\u00e4llen kann es vorkommen, dass die volle IP-Adresse an einen Google Server in den USA \u00fcbertragen und erst dort gek\u00fcrzt wird. Google nutzt diese Informationen um Ihre Nutzung unserer Webseite auszuwerten, um f\u00fcr uns Berichte \u00fcber die Nutzung der Webseite zusammenzustellen und um weitere statistische Daten zu erheben. Ihre IP-Adresse wird dabei niemals mit anderen auf Google gespeicherten Daten zusammengef\u00fchrt. Die Verwendung von Cookies kann durch eine Einstellung in ihrem Browser verboten werden; dies kann jedoch unter Umst\u00e4nden die Funktion unserer Webseite beeintr\u00e4chtigen. Mittels eines speziellen Zusatzprogramms f\u00fcr ihren Browser (Add On) k\u00f6nnen Sie die Sammlung von Daten durch Google Analytics desaktivieren<strong>.<\/strong><\/p>\n<p><strong>Social Plugins<\/strong><\/p>\n<p>Wir verwenden auf unserer Webseiten Social Plugins der im Folgenden aufgelisteten Anbieter. Plugins sind mit dem entsprechenden Logo gekennzeichnet.<\/p>\n<p>Der Dienstbetreiber kann unter Umst\u00e4nden durch solche Plugins Informationen und personenbezogene Daten unserer Besucher erhalten. Eine von uns installierte 2-Klick-L\u00f6sung verhindert die nicht offensichtliche Erfassung und \u00dcbertragung von Daten an den Dienstanbieter. Nur wenn ein Social Plugin von Ihnen per Klick aktiviert wird, wird die Sammlung von Informationen und deren Versand an den Dienstanbieter ausgel\u00f6st.<\/p>\n<p>Welche Daten ein solches Plugin erfasst sobald es aktiviert wurde, und wie diese anschlie\u00dfend verwendet werden, liegt au\u00dferhalb unseres Einflusses. In einigen F\u00e4llen werden direkte Verbindungen zu den Diensten des jeweiligen Anbieters erstellt und die IP-Adresse und spezifische Nutzungs-Informationen k\u00f6nnen dabei erfasst und genutzt werden. Dienstanbieter k\u00f6nnen auch versuchen, Cookies auf ihrem Rechner zu speichern. Wie diese Cookies arbeiten erfahren Sie in den Datenschutzhinweisen des entsprechenden Anbieters. Von Facebook k\u00f6nnen Sie als Besucher identifiziert werden, sofern sie aktuell in ihrem Facebook Account angemeldet sind.<\/p>\n<p>Social-Media-Buttons der folgenden Unternehmen sind auf unserer Webseite eingebunden:<\/p>\n<p>Google Plus\/Google Inc. (1600 Amphitheatre Parkway \u2013 Mountain View \u2013 CA 94043 \u2013 USA)<\/p>\n<p><strong>Cookies<\/strong><\/p>\n<p>Unsere Webseite verwendet \u201eCookies\u201c. Cookies sind Textdateien, die vom Server einer Webseite auf Ihren Rechner \u00fcbertragen werden. Bestimmte Daten wie IP-Adresse, Browser, Betriebssystem und Internet Verbindung werden dabei \u00fcbertragen.<\/p>\n<p>Cookies starten keine Programme und \u00fcbertragen keine Viren. Die durch Cookies gesammelten Informationen dienen dazu, Ihnen die Navigation zu erleichtern und die Anzeige unserer Webseiten zu optimieren.<\/p>\n<p>Daten, die von uns erfasst werden, werden niemals ohne Ihre Einwilligung an Daten an Dritte weitergegeben oder mit personenbezogenen Daten verkn\u00fcpft.<\/p>\n<p>Die Verwendung von Cookies kann \u00fcber Einstellungen in ihrem Browser verhindert werden. In den Erl\u00e4uterungen zu Ihrem Internetbrowsers finden Sie Informationen dar\u00fcber, wie man diese Einstellungen ver\u00e4ndern kann. Einzelne Funktionen unserer Website k\u00f6nnen unter Umst\u00e4nden nicht richtig funktionieren, wenn die Verwendung von Cookies desaktiviert ist.<\/p>\n<p>&nbsp;<\/p>\n<p><strong>Auskunft, Berichtigung, Sperre, L\u00f6schung und Widerspruch<\/strong><\/p>\n<p>Sie k\u00f6nnen zu jedem Zeitpunkt Informationen \u00fcber Ihre bei uns gespeicherten Daten erbitten. Diese k\u00f6nnen auch berichtigt, gesperrt oder, sofern die vorgeschriebene Zeitr\u00e4ume der Datenspeicherung zur Gesch\u00e4ftsabwicklung abgelaufen sind, gel\u00f6scht werden. Unser Datenschutzmitarbeiter hilft Ihnen bei allen entsprechenden Fragen. Seine Kontaktdaten finden Sie weiter unten.<\/p>\n<p>Gesperrte Daten werden in einer speziellen Sperrdatei zu Kontrollzwecken verwahrt. Wenn die gesetzliche Archivierungsverpflichtung abgelaufen ist k\u00f6nnen Sie auch die L\u00f6schung der Daten verlangen. Innerhalb der Archivierungsverpflichtung k\u00f6nnen wir Ihre Daten auf Wunsch sperren.<\/p>\n<p>\u00c4nderungen oder Widerruf von Einwilligungen k\u00f6nnen durch eine Mitteilung an uns vorgenommen werden. Dies ist auch f\u00fcr zuk\u00fcnftige Aktionen m\u00f6glich.<\/p>\n<p><strong>\u00c4nderung der Datenschutzbestimmungen<\/strong><\/p>\n<p>Unsere Datenschutzerkl\u00e4rung k\u00f6nnen in unregelm\u00e4\u00dfigen Abst\u00e4nden angepasst werden, damit sie den aktuellen rechtlichen Anforderungen entsprechen oder um \u00c4nderungen unserer Dienstleistungen umzusetzen, z. B. bei der Einf\u00fcgung neuer Angebote. F\u00fcr Ihren n\u00e4chsten Besuch gilt dann automatisch die neue Datenschutzerkl\u00e4rung.<\/p>\n","protected":false},"excerpt":{"rendered":"<p>Verantwortlich im Sinne der Datenschutzgesetzes: Universit\u00e4tsmusik Koblenz Universit\u00e4tsstra\u00dfe 1 56070 Koblenz 0261-2870 musik@uni-koblenz.de unimus.eu Erfassung von Daten W\u00e4hrend Sie auf unsere Webseiten zugreifen, erfassen wir automatisch Daten von allgemeiner Natur. Diese Daten (Server-Logfiles) umfassen zum Beispiel die Art ihres Browsers, ihr Betriebssystem, den Domainnamen Ihres Internetanbieters sowie weitere \u00e4hnliche allgemeine Daten. Diese Daten sind absolut &hellip; <\/p>\n<p class=\"link-more\"><a href=\"https:\/\/wp.uni-koblenz.de\/unimus\/datenschutzerklaerung\/\" class=\"more-link\"><span class=\"screen-reader-text\">\u201eDatenschutzerkl\u00e4rung\u201c <\/span>weiterlesen<\/a><\/p>\n","protected":false},"author":11,"featured_media":0,"parent":0,"menu_order":0,"comment_status":"closed","ping_status":"closed","template":"artist.php","meta":{"footnotes":""},"class_list":["post-456","page","type-page","status-publish","hentry"],"_links":{"self":[{"href":"https:\/\/wp.uni-koblenz.de\/unimus\/wp-json\/wp\/v2\/pages\/456","targetHints":{"allow":["GET"]}}],"collection":[{"href":"https:\/\/wp.uni-koblenz.de\/unimus\/wp-json\/wp\/v2\/pages"}],"about":[{"href":"https:\/\/wp.uni-koblenz.de\/unimus\/wp-json\/wp\/v2\/types\/page"}],"author":[{"embeddable":true,"href":"https:\/\/wp.uni-koblenz.de\/unimus\/wp-json\/wp\/v2\/users\/11"}],"replies":[{"embeddable":true,"href":"https:\/\/wp.uni-koblenz.de\/unimus\/wp-json\/wp\/v2\/comments?post=456"}],"version-history":[{"count":3,"href":"https:\/\/wp.uni-koblenz.de\/unimus\/wp-json\/wp\/v2\/pages\/456\/revisions"}],"predecessor-version":[{"id":459,"href":"https:\/\/wp.uni-koblenz.de\/unimus\/wp-json\/wp\/v2\/pages\/456\/revisions\/459"}],"wp:attachment":[{"href":"https:\/\/wp.uni-koblenz.de\/unimus\/wp-json\/wp\/v2\/media?parent=456"}],"curies":[{"name":"wp","href":"https:\/\/api.w.org\/{rel}","templated":true}]}}