{"id":575,"date":"2018-05-30T23:33:14","date_gmt":"2018-05-30T21:33:14","guid":{"rendered":"https:\/\/wp.uni-koblenz.de\/unimus\/?page_id=575"},"modified":"2018-11-06T17:27:51","modified_gmt":"2018-11-06T16:27:51","slug":"rock-pop-ensemble","status":"publish","type":"page","link":"https:\/\/wp.uni-koblenz.de\/unimus\/ensembles\/rock-pop-ensemble\/","title":{"rendered":"Rock\/Pop-Ensemble"},"content":{"rendered":"<p>Das im Mai 2015 gegr\u00fcndete Rock\/Pop-Ensemble am Koblenzer Campus der Universit\u00e4t besteht zum gro\u00dfen Teil aus Studierenden des Musikinstituts, aber auch Studierende anderer F\u00e4cher bereichern den Sound. Es werden eigene Arrangements weitgehend bekannter Rock- und Pop-Songs sowie Jazz-Standards pr\u00e4sentiert. Die wechselnden Besetzungen bestehen aus Bass, Gitarren, Schlagzeug, Percussion, Tasten, Bl\u00e4sern, mehrstimmigem Gesang und gelegentlichen Gastinstrumenten, in diesem Semester z.B. Boomwhackers: bunten Plastikst\u00e4ben mit verschiedenen Tonh\u00f6hen, wie sie zum Klassenmusizieren verwendet werden. Bandleiter Du\u0161an Oravec legt gro\u00dfen Wert darauf, nicht alle St\u00fccke selbst zu arrangieren, sondern auch die Studierenden zum Einbringen eigener Ideen und Arrangements anzuregen.<\/p>\n<p>Das Rock-Pop-Ensemble wird von <a href=\"https:\/\/wp.uni-koblenz.de\/unimus\/kuenstler\/dusan-oravec\/\">Du\u0161an Oravec<\/a> geleitet.<\/p>\n","protected":false},"excerpt":{"rendered":"<p>Das im Mai 2015 gegr\u00fcndete Rock\/Pop-Ensemble am Koblenzer Campus der Universit\u00e4t besteht zum gro\u00dfen Teil aus Studierenden des Musikinstituts, aber auch Studierende anderer F\u00e4cher bereichern den Sound. Es werden eigene Arrangements weitgehend bekannter Rock- und Pop-Songs sowie Jazz-Standards pr\u00e4sentiert. Die wechselnden Besetzungen bestehen aus Bass, Gitarren, Schlagzeug, Percussion, Tasten, Bl\u00e4sern, mehrstimmigem Gesang und gelegentlichen Gastinstrumenten, &hellip; <\/p>\n<p class=\"link-more\"><a href=\"https:\/\/wp.uni-koblenz.de\/unimus\/ensembles\/rock-pop-ensemble\/\" class=\"more-link\"><span class=\"screen-reader-text\">\u201eRock\/Pop-Ensemble\u201c <\/span>weiterlesen<\/a><\/p>\n","protected":false},"author":11,"featured_media":576,"parent":533,"menu_order":0,"comment_status":"closed","ping_status":"closed","template":"artist.php","meta":{"footnotes":""},"class_list":["post-575","page","type-page","status-publish","has-post-thumbnail","hentry"],"_links":{"self":[{"href":"https:\/\/wp.uni-koblenz.de\/unimus\/wp-json\/wp\/v2\/pages\/575","targetHints":{"allow":["GET"]}}],"collection":[{"href":"https:\/\/wp.uni-koblenz.de\/unimus\/wp-json\/wp\/v2\/pages"}],"about":[{"href":"https:\/\/wp.uni-koblenz.de\/unimus\/wp-json\/wp\/v2\/types\/page"}],"author":[{"embeddable":true,"href":"https:\/\/wp.uni-koblenz.de\/unimus\/wp-json\/wp\/v2\/users\/11"}],"replies":[{"embeddable":true,"href":"https:\/\/wp.uni-koblenz.de\/unimus\/wp-json\/wp\/v2\/comments?post=575"}],"version-history":[{"count":3,"href":"https:\/\/wp.uni-koblenz.de\/unimus\/wp-json\/wp\/v2\/pages\/575\/revisions"}],"predecessor-version":[{"id":750,"href":"https:\/\/wp.uni-koblenz.de\/unimus\/wp-json\/wp\/v2\/pages\/575\/revisions\/750"}],"up":[{"embeddable":true,"href":"https:\/\/wp.uni-koblenz.de\/unimus\/wp-json\/wp\/v2\/pages\/533"}],"wp:featuredmedia":[{"embeddable":true,"href":"https:\/\/wp.uni-koblenz.de\/unimus\/wp-json\/wp\/v2\/media\/576"}],"wp:attachment":[{"href":"https:\/\/wp.uni-koblenz.de\/unimus\/wp-json\/wp\/v2\/media?parent=575"}],"curies":[{"name":"wp","href":"https:\/\/api.w.org\/{rel}","templated":true}]}}