{"id":624,"date":"2018-08-11T11:42:11","date_gmt":"2018-08-11T09:42:11","guid":{"rendered":"https:\/\/wp.uni-koblenz.de\/unimus\/?page_id=624"},"modified":"2019-03-02T13:42:21","modified_gmt":"2019-03-02T12:42:21","slug":"nadine-trefzer","status":"publish","type":"page","link":"https:\/\/wp.uni-koblenz.de\/unimus\/kuenstler\/nadine-trefzer\/","title":{"rendered":"Nadine Trefzer"},"content":{"rendered":"\n<p>Den ersten Gesangsunterricht erhielt Nadine Trefzer an der St\u00e4dtischen Musikschule M\u00fcllheim bei Anette Hall. <\/p>\n\n\n\n<p>1997 und 1998 erreichte Nadine Trefzer beim Gesangswettbewerb Berlin jeweils das Halbfinale in der Sparte \u201eMusical\u201c(1997) bzw. \u201eOper\u201c(1998).<\/p>\n\n\n\n<p>Mit dem Wintersemester 1999 begann sie ihr Gesangsstudium an der Folkwang-Hochschule Essen bei Prof. E. Illerhaus. Seit 2000 wird sie von Frau J. Sokorska-Kwika unterrichtet. Im Februar 2005 erhielt sie ihren k\u00fcnstlerischen Abschluss und absolvierte 2007 ihr Konzertexamen mit Auszeichnung. Ihr Repertoire umfasst neben Oper\/Operette\/Musical auch Partien aus verschiedener Oratorien.<\/p>\n\n\n\n<p>Im Rahmen ihrer Konzertt\u00e4tigkeit trat sie bereits u.a. im Mendelssohn-Haus in Leipzig, im Konzerthaus Dortmund, in der K\u00f6lner Philharmonie sowie in Frankfurt, Koblenz und an vielen St\u00e4tten im Rhein-Ruhr-Gebiet auf.<\/p>\n\n\n\n<p>Von 2001 bis 2003 war Nadine Trefzer im Theater Dortmund engagiert, wo sie in \u201eDie kleine Zauberfl\u00f6te\u201c und \u201eDie Meistersinger von N\u00fcrnberg\u201c mitwirkte. 2004 war sie Stipendiatin der \u201eRichard-Wagner-Stipendienstiftung\u201c.<\/p>\n\n\n\n<p>Von 2006 bis 2010 war Nadine Trefzer Mitglied des Opernchores im \u201eMusiktheater im Revier\u201c in Gelsenkirchen, wo sie auch kleine Solopartien \u00fcbernahm.<\/p>\n\n\n\n<p>Seit 2010 ist sie als freiberufliche S\u00e4ngerin t\u00e4tig und hat einen Lehrauftrag f\u00fcr Gesang an der Universit\u00e4t Koblenz-Landau inne. Im Rahmen von UNIMUS sang sie die Sopran-Partien Rossini Petite Messe Solennelle wie auch der Orff Carmina Burana.<\/p>\n","protected":false},"excerpt":{"rendered":"<p>Den ersten Gesangsunterricht erhielt Nadine Trefzer an der St\u00e4dtischen Musikschule M\u00fcllheim bei Anette Hall. 1997 und 1998 erreichte Nadine Trefzer beim Gesangswettbewerb Berlin jeweils das Halbfinale in der Sparte \u201eMusical\u201c(1997) bzw. \u201eOper\u201c(1998). Mit dem Wintersemester 1999 begann sie ihr Gesangsstudium an der Folkwang-Hochschule Essen bei Prof. E. Illerhaus. Seit 2000 wird sie von Frau J. &hellip; <\/p>\n<p class=\"link-more\"><a href=\"https:\/\/wp.uni-koblenz.de\/unimus\/kuenstler\/nadine-trefzer\/\" class=\"more-link\"><span class=\"screen-reader-text\">\u201eNadine Trefzer\u201c <\/span>weiterlesen<\/a><\/p>\n","protected":false},"author":11,"featured_media":796,"parent":48,"menu_order":0,"comment_status":"closed","ping_status":"closed","template":"artist.php","meta":{"footnotes":""},"class_list":["post-624","page","type-page","status-publish","has-post-thumbnail","hentry"],"_links":{"self":[{"href":"https:\/\/wp.uni-koblenz.de\/unimus\/wp-json\/wp\/v2\/pages\/624","targetHints":{"allow":["GET"]}}],"collection":[{"href":"https:\/\/wp.uni-koblenz.de\/unimus\/wp-json\/wp\/v2\/pages"}],"about":[{"href":"https:\/\/wp.uni-koblenz.de\/unimus\/wp-json\/wp\/v2\/types\/page"}],"author":[{"embeddable":true,"href":"https:\/\/wp.uni-koblenz.de\/unimus\/wp-json\/wp\/v2\/users\/11"}],"replies":[{"embeddable":true,"href":"https:\/\/wp.uni-koblenz.de\/unimus\/wp-json\/wp\/v2\/comments?post=624"}],"version-history":[{"count":1,"href":"https:\/\/wp.uni-koblenz.de\/unimus\/wp-json\/wp\/v2\/pages\/624\/revisions"}],"predecessor-version":[{"id":625,"href":"https:\/\/wp.uni-koblenz.de\/unimus\/wp-json\/wp\/v2\/pages\/624\/revisions\/625"}],"up":[{"embeddable":true,"href":"https:\/\/wp.uni-koblenz.de\/unimus\/wp-json\/wp\/v2\/pages\/48"}],"wp:featuredmedia":[{"embeddable":true,"href":"https:\/\/wp.uni-koblenz.de\/unimus\/wp-json\/wp\/v2\/media\/796"}],"wp:attachment":[{"href":"https:\/\/wp.uni-koblenz.de\/unimus\/wp-json\/wp\/v2\/media?parent=624"}],"curies":[{"name":"wp","href":"https:\/\/api.w.org\/{rel}","templated":true}]}}