{"id":63,"date":"2017-11-07T10:53:23","date_gmt":"2017-11-07T09:53:23","guid":{"rendered":"https:\/\/wp.uni-koblenz.de\/unimus\/?page_id=63"},"modified":"2021-08-03T14:34:45","modified_gmt":"2021-08-03T12:34:45","slug":"studientag","status":"publish","type":"page","link":"https:\/\/wp.uni-koblenz.de\/unimus\/studientag\/","title":{"rendered":"Studientag"},"content":{"rendered":"<p>4. Studientag Singen mit Kindern<br \/>\n13. November 2021, 10.00 -17.00 Uhr<br \/>\nCampus Koblenz, Raum D 239, Universit\u00e4t Koblenz-Landau, Universit\u00e4tsstr. 1, 56070 Koblenz-Metternich<\/p>\n<p>Mit Kindern singen \u2013 aber richtig!<\/p>\n<p>Spannende Geschichten mit Kl\u00e4ngen illustrieren, sich zur Musik bewegen, Tanz-, Schlaf-, M\u00e4rchen- oder Kuschellieder erleben und gemeinsam ganze Liederreisen unternehmen, alles das brauchen Kinder f\u00fcr die Entwicklung ihrer k\u00f6rperlichen, geistigen und emotionalen F\u00e4higkeiten.<br \/>\nLernen Sie in diesem Workshop vielf\u00e4ltige M\u00f6glichkeiten kennen, mit Kindern singend zu musizieren, erfahren Sie wichtige Hintergr\u00fcnde und Voraussetzungen zur gesunden Entwicklung der Kinderstimme, lassen Sie sich anregen zu kreativen Spielen und Liedvermittlungen und vertiefen Sie ihre Kenntnisse \u00fcber Singlage und Klanglichkeit der Kinderstimme. Dabei stehen Lieder, Kanons, Stimmbildungsgeschichten und deren Entwicklung, sowie in Spielhandlungen verpackte \u00dcbungen im Vordergrund. Erfindung und Bau von Stimmbildungsliedern werden an Hand von Beispielen demonstriert.<\/p>\n<p>Inhalt:<\/p>\n<ul>\n<li>Praktische Stimmbildung in Liedern, Spielen und Geschichten<\/li>\n<li>Liedvermittlung<\/li>\n<li>Funktion und Pflege der Kinderstimme, Stimmumfang und Singlage<\/li>\n<li>die \u201eBruststimmfalle\u201c und andere Hindernisse\/Probleme<\/li>\n<li>Stimmbildungsgeschichte und Stimmbildungslied<\/li>\n<li>Singen und Bewegen<\/li>\n<\/ul>\n<p>Leitung:\u00a0<a href=\"https:\/\/wp.uni-koblenz.de\/unimus\/kuenstler\/prof-andreas-mohr\/\">Prof. Andreas Mohr, Osnabr\u00fcck<\/a><\/p>\n<p>Der 3. Studientag &#8222;Singen mit Kindern&#8220; hat am Samstag, 26.10.2019 auf dem Campus Koblenz stattgefunden.<br \/>\nDozentInnen waren: Professorin Lina Oravec, Juliane Berg, Helga Mohr-Zschenderlein und Manfred Faig.\u00a0<a href=\"https:\/\/wp.uni-koblenz.de\/unimus\/wp-content\/uploads\/sites\/16\/2019\/07\/LY_Flyer_Studientag_Musikpaedagogen_99x210.pdf\">Flyer mit weiteren Informationen herunterladen<\/a><\/p>\n<p>2. Studientag &#8222;Singen mit Kindern&#8220;<br \/>\n<b>Samstag, 03.02.2018, 10.00-16.00 Uhr<\/b><br \/>\nin Zusammenarbeit der Singschule Koblenz und der Universit\u00e4tsmusik<\/p>\n<p><i>Dozenten:<\/i> Manfred Faig, Helga Mohr-Zschenderlein, Juliane Berg, Christian Jeub<\/p>\n<p><i>Es gestalten mit: <\/i>Kinder und Jugendliche S\u00e4ngerinnen und S\u00e4nger der Singschule Koblenz<\/p>\n<p>Eine B\u00fccherausstellung der Musikalienhandlung Musik Thielemann begleitet den Studientag.<\/p>\n<p>Die Teilnahme ist kostenfrei, eine Anmeldung ist gew\u00fcnscht unter musik@uni-koblenz.de<br \/>\nEin Essensangebot des Studierendenwerkes Koblenz kann gebucht werden.<\/p>\n<p>D244, D239 Universit\u00e4t-Koblenz-Landau<br \/>\nCampus Koblenz<br \/>\nUniversit\u00e4tsstrasse. 1<br \/>\n56070 Koblenz<\/p>\n<p>Der 1. Studientag &#8222;Singen mit Kindern&#8220; fand am Samstag, 11.2.2017 auf dem Campus Koblenz statt. Es sang der Jugend-Kammerchor der Singschule Koblenz.<br \/>\nWorkshops waren:<br \/>\nI H\u00f6rend uns singend bewegt von Vielfalt angeregt: Singen mit Kindern, Helga Mohr Zschenderlein<\/p>\n<p>II Achtung &#8211; fertig: Stimme<br \/>\nDie Kinderstimme und Ihre M\u00f6glichkeiten, Juliane Berg<\/p>\n<p>III Wege in die Mehrstimmigkeit, Manfred Faig<\/p>\n<p>IV Grundfertigkeiten der Schlagtechnik, K\u00f6rpersprache, Singleitung, Christian Jeub<\/p>\n","protected":false},"excerpt":{"rendered":"<p>4. Studientag Singen mit Kindern 13. November 2021, 10.00 -17.00 Uhr Campus Koblenz, Raum D 239, Universit\u00e4t Koblenz-Landau, Universit\u00e4tsstr. 1, 56070 Koblenz-Metternich Mit Kindern singen \u2013 aber richtig! Spannende Geschichten mit Kl\u00e4ngen illustrieren, sich zur Musik bewegen, Tanz-, Schlaf-, M\u00e4rchen- oder Kuschellieder erleben und gemeinsam ganze Liederreisen unternehmen, alles das brauchen Kinder f\u00fcr die Entwicklung &hellip; <\/p>\n<p class=\"link-more\"><a href=\"https:\/\/wp.uni-koblenz.de\/unimus\/studientag\/\" class=\"more-link\"><span class=\"screen-reader-text\">\u201eStudientag\u201c <\/span>weiterlesen<\/a><\/p>\n","protected":false},"author":11,"featured_media":1000,"parent":0,"menu_order":0,"comment_status":"closed","ping_status":"closed","template":"artist.php","meta":{"footnotes":""},"class_list":["post-63","page","type-page","status-publish","has-post-thumbnail","hentry"],"_links":{"self":[{"href":"https:\/\/wp.uni-koblenz.de\/unimus\/wp-json\/wp\/v2\/pages\/63","targetHints":{"allow":["GET"]}}],"collection":[{"href":"https:\/\/wp.uni-koblenz.de\/unimus\/wp-json\/wp\/v2\/pages"}],"about":[{"href":"https:\/\/wp.uni-koblenz.de\/unimus\/wp-json\/wp\/v2\/types\/page"}],"author":[{"embeddable":true,"href":"https:\/\/wp.uni-koblenz.de\/unimus\/wp-json\/wp\/v2\/users\/11"}],"replies":[{"embeddable":true,"href":"https:\/\/wp.uni-koblenz.de\/unimus\/wp-json\/wp\/v2\/comments?post=63"}],"version-history":[{"count":13,"href":"https:\/\/wp.uni-koblenz.de\/unimus\/wp-json\/wp\/v2\/pages\/63\/revisions"}],"predecessor-version":[{"id":1369,"href":"https:\/\/wp.uni-koblenz.de\/unimus\/wp-json\/wp\/v2\/pages\/63\/revisions\/1369"}],"wp:featuredmedia":[{"embeddable":true,"href":"https:\/\/wp.uni-koblenz.de\/unimus\/wp-json\/wp\/v2\/media\/1000"}],"wp:attachment":[{"href":"https:\/\/wp.uni-koblenz.de\/unimus\/wp-json\/wp\/v2\/media?parent=63"}],"curies":[{"name":"wp","href":"https:\/\/api.w.org\/{rel}","templated":true}]}}