{"id":649,"date":"2018-09-16T16:02:21","date_gmt":"2018-09-16T14:02:21","guid":{"rendered":"https:\/\/wp.uni-koblenz.de\/unimus\/?page_id=649"},"modified":"2019-03-02T13:42:46","modified_gmt":"2019-03-02T12:42:46","slug":"nicola-heinecker","status":"publish","type":"page","link":"https:\/\/wp.uni-koblenz.de\/unimus\/kuenstler\/nicola-heinecker\/","title":{"rendered":"Nicola Heinecker"},"content":{"rendered":"<p>Die Sopranistin Nicola Heinecker begann zun\u00e4chst Ihre Ausbildung zur staatlich gepr\u00fcften Chorleiterin an der Berufsfachschule f\u00fcr Musik in Krumbach. Nach ihrem dortigen Abschluss trat sie ein Bachelorstudium Gesang an der Hochschule f\u00fcr Musik N\u00fcrnberg bei Prof. Siegfried Jerusalem an, das sie im Sommer 2017 erfolgreich abgeschlossen hat. Seit dem Wintersemester 2017 \/18 macht sie ihren Master an der Hochschule f\u00fcr Musik und Tanz K\u00f6ln in der Klasse von Prof. Hoff. W\u00e4hrend ihres Bachelorstudiums in N\u00fcrnberg sang sie in mehreren Produktionen, u.a. Ilia in &#8222;Idomeneo&#8220; oder Bastienne in &#8222;Bastien und Bastienne&#8220;. Auch sang sie als Gast am Staatstheather N\u00fcrnberg in einer Kooperation mit der Hochschule eine Hauptrolle in der modernen Oper \u201eAnoia\u201c von Gordon Kampe.<\/p>\n","protected":false},"excerpt":{"rendered":"<p>Die Sopranistin Nicola Heinecker begann zun\u00e4chst Ihre Ausbildung zur staatlich gepr\u00fcften Chorleiterin an der Berufsfachschule f\u00fcr Musik in Krumbach. Nach ihrem dortigen Abschluss trat sie ein Bachelorstudium Gesang an der Hochschule f\u00fcr Musik N\u00fcrnberg bei Prof. Siegfried Jerusalem an, das sie im Sommer 2017 erfolgreich abgeschlossen hat. Seit dem Wintersemester 2017 \/18 macht sie ihren &hellip; <\/p>\n<p class=\"link-more\"><a href=\"https:\/\/wp.uni-koblenz.de\/unimus\/kuenstler\/nicola-heinecker\/\" class=\"more-link\"><span class=\"screen-reader-text\">\u201eNicola Heinecker\u201c <\/span>weiterlesen<\/a><\/p>\n","protected":false},"author":11,"featured_media":798,"parent":48,"menu_order":0,"comment_status":"closed","ping_status":"closed","template":"artist.php","meta":{"footnotes":""},"class_list":["post-649","page","type-page","status-publish","has-post-thumbnail","hentry"],"_links":{"self":[{"href":"https:\/\/wp.uni-koblenz.de\/unimus\/wp-json\/wp\/v2\/pages\/649","targetHints":{"allow":["GET"]}}],"collection":[{"href":"https:\/\/wp.uni-koblenz.de\/unimus\/wp-json\/wp\/v2\/pages"}],"about":[{"href":"https:\/\/wp.uni-koblenz.de\/unimus\/wp-json\/wp\/v2\/types\/page"}],"author":[{"embeddable":true,"href":"https:\/\/wp.uni-koblenz.de\/unimus\/wp-json\/wp\/v2\/users\/11"}],"replies":[{"embeddable":true,"href":"https:\/\/wp.uni-koblenz.de\/unimus\/wp-json\/wp\/v2\/comments?post=649"}],"version-history":[{"count":1,"href":"https:\/\/wp.uni-koblenz.de\/unimus\/wp-json\/wp\/v2\/pages\/649\/revisions"}],"predecessor-version":[{"id":650,"href":"https:\/\/wp.uni-koblenz.de\/unimus\/wp-json\/wp\/v2\/pages\/649\/revisions\/650"}],"up":[{"embeddable":true,"href":"https:\/\/wp.uni-koblenz.de\/unimus\/wp-json\/wp\/v2\/pages\/48"}],"wp:featuredmedia":[{"embeddable":true,"href":"https:\/\/wp.uni-koblenz.de\/unimus\/wp-json\/wp\/v2\/media\/798"}],"wp:attachment":[{"href":"https:\/\/wp.uni-koblenz.de\/unimus\/wp-json\/wp\/v2\/media?parent=649"}],"curies":[{"name":"wp","href":"https:\/\/api.w.org\/{rel}","templated":true}]}}