{"id":653,"date":"2018-09-16T16:04:18","date_gmt":"2018-09-16T14:04:18","guid":{"rendered":"https:\/\/wp.uni-koblenz.de\/unimus\/?page_id=653"},"modified":"2018-09-16T16:14:25","modified_gmt":"2018-09-16T14:14:25","slug":"joern-lindemann","status":"publish","type":"page","link":"https:\/\/wp.uni-koblenz.de\/unimus\/kuenstler\/joern-lindemann\/","title":{"rendered":"J\u00f6rn Lindemann"},"content":{"rendered":"<p>J\u00f6rn Lindemann wurde in Celle geboren.<\/p>\n<p>Nach dem Abitur folgte eine Ausbildung zum Klavierbauer. Neben seiner Berufst\u00e4tigkeit in Hannover und G\u00f6ttingen begann er seine Gesangsausbildung bei Prof. J\u00f6rg Straube (Hannover) und wurde Mitglied im Norddeutschen Figuralchor.<\/p>\n<p>Von 1993 bis 1999 studierte J\u00f6rn Lindemann Gesang bei Frau Prof. Carol Richardson an der Hochschule f\u00fcr Musik und Theater Hannover, Fachbereich Oper.<\/p>\n<p>Er war mehrmals Solist bei den G\u00f6ttinger H\u00e4ndelfestspielen, dem Schleswig-Holstein-Musikfestival, dem Braunschweiger Kammermusikpodium und den Musikfestspielen in Bad Hersfeld.<\/p>\n<p>Mit namhaften Ensembles wie Cantus C\u00f6lln \/ Concerto Palatino und dem Balthasar-Neumann-Chor wirkt er bei Konzerten sowie bei Rundfunk- und CD-Aufnahmen mit.<\/p>\n<p>Unter Dirigenten wie Reinhard Goebel, Nicolas McGegan, Konrad Jungh\u00e4nel und Prof. J\u00f6rg Straube entstanden unterschiedlichste Konzert- und Opernprojekte.<\/p>\n<p>Neben regelm\u00e4\u00dfigen Konzertverpflichtungen in ganz Deutschland f\u00fchren ihn Engagements auch ins europ\u00e4ische Ausland und in die USA.<\/p>\n<p>Nach einer zweij\u00e4hrigen Verpflichtung als Ensemblemitglied am Oldenburgischen Staatstheater f\u00fchrten J\u00f6rn Lindemann Gastvertr\u00e4ge an die Komische Oper Berlin, das Theater Dortmund, das Staatstheater Braunschweig, die Staatsoper Hannover, das&nbsp; Landestheater Eisenach, das Nationaltheater Mannheim, das Staatstheater Kassel und an das Staatstheater N\u00fcrnberg.<\/p>\n<p>Neben seiner Konzertt\u00e4tigkeit ist er als Stimmbildner des Landesjugendchores Niedersachsen und als Gesangslehrer an der Braunschweiger Domsingschule t\u00e4tig.<\/p>\n","protected":false},"excerpt":{"rendered":"<p>J\u00f6rn Lindemann wurde in Celle geboren. Nach dem Abitur folgte eine Ausbildung zum Klavierbauer. Neben seiner Berufst\u00e4tigkeit in Hannover und G\u00f6ttingen begann er seine Gesangsausbildung bei Prof. J\u00f6rg Straube (Hannover) und wurde Mitglied im Norddeutschen Figuralchor. Von 1993 bis 1999 studierte J\u00f6rn Lindemann Gesang bei Frau Prof. Carol Richardson an der Hochschule f\u00fcr Musik und &hellip; <\/p>\n<p class=\"link-more\"><a href=\"https:\/\/wp.uni-koblenz.de\/unimus\/kuenstler\/joern-lindemann\/\" class=\"more-link\"><span class=\"screen-reader-text\">\u201eJ\u00f6rn Lindemann\u201c <\/span>weiterlesen<\/a><\/p>\n","protected":false},"author":11,"featured_media":658,"parent":48,"menu_order":0,"comment_status":"closed","ping_status":"closed","template":"artist.php","meta":{"footnotes":""},"class_list":["post-653","page","type-page","status-publish","has-post-thumbnail","hentry"],"_links":{"self":[{"href":"https:\/\/wp.uni-koblenz.de\/unimus\/wp-json\/wp\/v2\/pages\/653","targetHints":{"allow":["GET"]}}],"collection":[{"href":"https:\/\/wp.uni-koblenz.de\/unimus\/wp-json\/wp\/v2\/pages"}],"about":[{"href":"https:\/\/wp.uni-koblenz.de\/unimus\/wp-json\/wp\/v2\/types\/page"}],"author":[{"embeddable":true,"href":"https:\/\/wp.uni-koblenz.de\/unimus\/wp-json\/wp\/v2\/users\/11"}],"replies":[{"embeddable":true,"href":"https:\/\/wp.uni-koblenz.de\/unimus\/wp-json\/wp\/v2\/comments?post=653"}],"version-history":[{"count":2,"href":"https:\/\/wp.uni-koblenz.de\/unimus\/wp-json\/wp\/v2\/pages\/653\/revisions"}],"predecessor-version":[{"id":664,"href":"https:\/\/wp.uni-koblenz.de\/unimus\/wp-json\/wp\/v2\/pages\/653\/revisions\/664"}],"up":[{"embeddable":true,"href":"https:\/\/wp.uni-koblenz.de\/unimus\/wp-json\/wp\/v2\/pages\/48"}],"wp:featuredmedia":[{"embeddable":true,"href":"https:\/\/wp.uni-koblenz.de\/unimus\/wp-json\/wp\/v2\/media\/658"}],"wp:attachment":[{"href":"https:\/\/wp.uni-koblenz.de\/unimus\/wp-json\/wp\/v2\/media?parent=653"}],"curies":[{"name":"wp","href":"https:\/\/api.w.org\/{rel}","templated":true}]}}