{"id":781,"date":"2019-03-02T11:46:05","date_gmt":"2019-03-02T10:46:05","guid":{"rendered":"https:\/\/wp.uni-koblenz.de\/unimus\/?page_id=781"},"modified":"2019-03-02T13:40:10","modified_gmt":"2019-03-02T12:40:10","slug":"svenja-lehmann","status":"publish","type":"page","link":"https:\/\/wp.uni-koblenz.de\/unimus\/kuenstler\/svenja-lehmann\/","title":{"rendered":"Svenja Lehmann"},"content":{"rendered":"<p>Svenja Lehmann studiert seit Oktober 2012 Gesang bei Frau Professor Brigitte Lindner an der Hochschule f\u00fcr Musik und Tanz K\u00f6ln. Zuvor erhielt sie vier Jahre lang Gesangs-unterricht bei der Stimmbildnerin und S\u00e4n-gerin Brigitta Borchers. Schon seit ihrer fr\u00fchesten Kindheit sang Svenja Lehmann zun\u00e4chst in unterschied-lichen Ch\u00f6ren, sp\u00e4ter als Solistin sowohl im Kirchen- und Konzert- als auch im Opern-bereich.<\/p>\n<p>Ihr Deb\u00fct an einem Opernhaus gab Svenja Lehmann im Mai 2013 an der Deutschen Oper am Rhein als Hirtenknabe in Tann-h\u00e4user (Richard Wagner) unter der Leitung von Axel Kober. In der gleichen Partie war sie in der Spielzeit 2015\/16 am Theater Aachen zu erleben.<\/p>\n<p>In den vergangenen Spielzeiten war Svenja Lehmann regelm\u00e4\u00dfig als Gast an der Deutschen Oper am Rhein zu h\u00f6ren. Sie \u00fcbernahm Partien wie den Pagen in Rigoletto (Giuseppe Verdi) sowie die Papagena in Die Zauberfl\u00f6te f\u00fcr Kinder (nach Wolfgang Amadeus Mozart). F\u00fcr die Urauff\u00fchrung der Kinderoper Ronja R\u00e4ubertochter (J\u00f6rn Arnecke) sang sie die Partie der Rumpelwichtin auf Tonband ein.<\/p>\n<p>In Hochschulproduktionen der HfMT K\u00f6ln war Svenja Lehmann unter anderem bereits in der Hauptrolle der Tytania in A Midsummer Night\u2019s Dream (B. Britten), als Gianetta (L\u2019elisir d\u2019amore von Gaetano Donizetti) und als Miles in Turn of the screw (B. Britten) zu erleben. 2017\/18 war sie Mitglied der Chorakademie des WDR Rundfunkchores.<\/p>\n","protected":false},"excerpt":{"rendered":"<p>Svenja Lehmann studiert seit Oktober 2012 Gesang bei Frau Professor Brigitte Lindner an der Hochschule f\u00fcr Musik und Tanz K\u00f6ln. Zuvor erhielt sie vier Jahre lang Gesangs-unterricht bei der Stimmbildnerin und S\u00e4n-gerin Brigitta Borchers. Schon seit ihrer fr\u00fchesten Kindheit sang Svenja Lehmann zun\u00e4chst in unterschied-lichen Ch\u00f6ren, sp\u00e4ter als Solistin sowohl im Kirchen- und Konzert- als &hellip; <\/p>\n<p class=\"link-more\"><a href=\"https:\/\/wp.uni-koblenz.de\/unimus\/kuenstler\/svenja-lehmann\/\" class=\"more-link\"><span class=\"screen-reader-text\">\u201eSvenja Lehmann\u201c <\/span>weiterlesen<\/a><\/p>\n","protected":false},"author":11,"featured_media":800,"parent":48,"menu_order":0,"comment_status":"closed","ping_status":"closed","template":"artist.php","meta":{"footnotes":""},"class_list":["post-781","page","type-page","status-publish","has-post-thumbnail","hentry"],"_links":{"self":[{"href":"https:\/\/wp.uni-koblenz.de\/unimus\/wp-json\/wp\/v2\/pages\/781","targetHints":{"allow":["GET"]}}],"collection":[{"href":"https:\/\/wp.uni-koblenz.de\/unimus\/wp-json\/wp\/v2\/pages"}],"about":[{"href":"https:\/\/wp.uni-koblenz.de\/unimus\/wp-json\/wp\/v2\/types\/page"}],"author":[{"embeddable":true,"href":"https:\/\/wp.uni-koblenz.de\/unimus\/wp-json\/wp\/v2\/users\/11"}],"replies":[{"embeddable":true,"href":"https:\/\/wp.uni-koblenz.de\/unimus\/wp-json\/wp\/v2\/comments?post=781"}],"version-history":[{"count":1,"href":"https:\/\/wp.uni-koblenz.de\/unimus\/wp-json\/wp\/v2\/pages\/781\/revisions"}],"predecessor-version":[{"id":782,"href":"https:\/\/wp.uni-koblenz.de\/unimus\/wp-json\/wp\/v2\/pages\/781\/revisions\/782"}],"up":[{"embeddable":true,"href":"https:\/\/wp.uni-koblenz.de\/unimus\/wp-json\/wp\/v2\/pages\/48"}],"wp:featuredmedia":[{"embeddable":true,"href":"https:\/\/wp.uni-koblenz.de\/unimus\/wp-json\/wp\/v2\/media\/800"}],"wp:attachment":[{"href":"https:\/\/wp.uni-koblenz.de\/unimus\/wp-json\/wp\/v2\/media?parent=781"}],"curies":[{"name":"wp","href":"https:\/\/api.w.org\/{rel}","templated":true}]}}