{"id":785,"date":"2019-03-02T11:49:19","date_gmt":"2019-03-02T10:49:19","guid":{"rendered":"https:\/\/wp.uni-koblenz.de\/unimus\/?page_id=785"},"modified":"2019-03-02T13:39:46","modified_gmt":"2019-03-02T12:39:46","slug":"luca-segger","status":"publish","type":"page","link":"https:\/\/wp.uni-koblenz.de\/unimus\/kuenstler\/luca-segger\/","title":{"rendered":"Luca Segger"},"content":{"rendered":"<p>Luca Segger wurde im Jahr 1997 in Hannover geboren. Er erhielt seinen ersten musikalischen Unterricht im Alter von drei Jahren. Mit neun Jahren begann er seine Gesangsausbildung im Knabenchor Hannover, dem er bis 2016 in reger nationaler und internationaler Konzertt\u00e4tigkeit angeh\u00f6rte. Ersten solistischen Unterricht erhielt er im Alter von 14 Jahren bei Prof. Eva M\u00e4rtson.<\/p>\n<p>Nach dem Stimmbruch und dem Wechsel vom Sopran- ins Altusfach unterrichtete Johannes Euler den jungen Countertenor. Seit Oktober 2016 studiert Luca Segger an der HfMT K\u00f6ln in der Klasse von Prof. Kai Wessel.<\/p>\n<p>In seiner Konzertt\u00e4tigkeit legt Der Countertenor Segger einen besonderen Schwerpunkt auf die historische Auff\u00fchrungspraxis der alten Musik. H\u00f6hepunkte bildeten hierbei Auftritte beim Festival f\u00fcr Alte Musik Knechtsteden und in der Alten Oper Frankfurt. Luca Segger trat mit verschiedenen Barockensembles, z.B \u201eL\u2018arco\u201c, \u201ela festa musicale\u201c, \u201eConcert Royal\u201c und \u201eMusica Alta Ripa\u201c auf. Der Countertenor besuchte Meisterkurse bei Evelynn Tubb und Uta Schwabe.<\/p>\n","protected":false},"excerpt":{"rendered":"<p>Luca Segger wurde im Jahr 1997 in Hannover geboren. Er erhielt seinen ersten musikalischen Unterricht im Alter von drei Jahren. Mit neun Jahren begann er seine Gesangsausbildung im Knabenchor Hannover, dem er bis 2016 in reger nationaler und internationaler Konzertt\u00e4tigkeit angeh\u00f6rte. Ersten solistischen Unterricht erhielt er im Alter von 14 Jahren bei Prof. Eva M\u00e4rtson. &hellip; <\/p>\n<p class=\"link-more\"><a href=\"https:\/\/wp.uni-koblenz.de\/unimus\/kuenstler\/luca-segger\/\" class=\"more-link\"><span class=\"screen-reader-text\">\u201eLuca Segger\u201c <\/span>weiterlesen<\/a><\/p>\n","protected":false},"author":11,"featured_media":810,"parent":48,"menu_order":0,"comment_status":"closed","ping_status":"closed","template":"artist.php","meta":{"footnotes":""},"class_list":["post-785","page","type-page","status-publish","has-post-thumbnail","hentry"],"_links":{"self":[{"href":"https:\/\/wp.uni-koblenz.de\/unimus\/wp-json\/wp\/v2\/pages\/785","targetHints":{"allow":["GET"]}}],"collection":[{"href":"https:\/\/wp.uni-koblenz.de\/unimus\/wp-json\/wp\/v2\/pages"}],"about":[{"href":"https:\/\/wp.uni-koblenz.de\/unimus\/wp-json\/wp\/v2\/types\/page"}],"author":[{"embeddable":true,"href":"https:\/\/wp.uni-koblenz.de\/unimus\/wp-json\/wp\/v2\/users\/11"}],"replies":[{"embeddable":true,"href":"https:\/\/wp.uni-koblenz.de\/unimus\/wp-json\/wp\/v2\/comments?post=785"}],"version-history":[{"count":1,"href":"https:\/\/wp.uni-koblenz.de\/unimus\/wp-json\/wp\/v2\/pages\/785\/revisions"}],"predecessor-version":[{"id":786,"href":"https:\/\/wp.uni-koblenz.de\/unimus\/wp-json\/wp\/v2\/pages\/785\/revisions\/786"}],"up":[{"embeddable":true,"href":"https:\/\/wp.uni-koblenz.de\/unimus\/wp-json\/wp\/v2\/pages\/48"}],"wp:featuredmedia":[{"embeddable":true,"href":"https:\/\/wp.uni-koblenz.de\/unimus\/wp-json\/wp\/v2\/media\/810"}],"wp:attachment":[{"href":"https:\/\/wp.uni-koblenz.de\/unimus\/wp-json\/wp\/v2\/media?parent=785"}],"curies":[{"name":"wp","href":"https:\/\/api.w.org\/{rel}","templated":true}]}}