{"id":787,"date":"2019-03-02T11:51:14","date_gmt":"2019-03-02T10:51:14","guid":{"rendered":"https:\/\/wp.uni-koblenz.de\/unimus\/?page_id=787"},"modified":"2019-03-02T13:41:01","modified_gmt":"2019-03-02T12:41:01","slug":"joachim-hoechbauer","status":"publish","type":"page","link":"https:\/\/wp.uni-koblenz.de\/unimus\/kuenstler\/joachim-hoechbauer\/","title":{"rendered":"Joachim H\u00f6chbauer"},"content":{"rendered":"<p>Der ehemalige Regensburger Domspatz absolvierte zun\u00e4chst das Studium der Schulmusik an der Hochschule f\u00fcr Musik und Theater in M\u00fcnchen. An der Musikhochschule in K\u00f6ln schloss sich das Zusatzstudium Liedbegleitung bei Prof. Glau\u00df an, anschlie\u00dfend komplettierte er dort seine Ausbildung im Hauptfach Gesang bei Professorin Mechthild Georg mit dem Diplom.<\/p>\n<p>K\u00fcnstlerische Impulse im Laufe des Studiums und dar\u00fcber hinaus erhielt er u.a. auch durch Helmut Deutsch, Christoph Pregardien, Wolfram Rieger und Andreas Mitschke. Nach langj\u00e4hriger Mitwirkung als Mitglied des Collegium Vocale Gent unter Philippe Herreweghe tritt er vermehrt als Solist in Erscheinung. So f\u00fchrten Ihn solistische Auftritte u.a. in die Philharmonie Essen, Philharmonie K\u00f6ln, Ruhrfestspielhaus Recklinghausen, Musiktheater Gelsenkirchen, ins Cuvilli\u00e9s Theater M\u00fcnchen, zur Ruhrtriennale Bochum, zum Rheingau Musikfestival, zum Festival der Europ\u00e4ischen Kirchenmusik in Schw\u00e4bisch Gm\u00fcnd und den Tiroler Festspielen in Erl.Er konzertierte u.a. mit den N\u00fcrnberger Symphonikern, der Neuen Philharmonie Westfalen, den Bochumern Symphonikern, den Bergischen Symphonikern, Das Neue Orchester (Christoph Spering) und Barockorchestern wie der Capella Augustina, Concerto K\u00f6ln, der K\u00f6lner Akademie, &#8222;Les Mufatti&#8220; (Br\u00fcssel), &#8222;Musica Fiata&#8220;, Orfeo Barockorchester (\u00d6sterreich) und dem Beethovenorchester Bonn.<\/p>\n<p>Er wirkte bei zahlreichen CD-Aufnahmen mit und konzertierte u.a. in Russland, USA, Polen, Italien, Schweden, D\u00e4nemark, Portugal sowie auf den Lofoten und in Karthago.<\/p>\n<p>2015 bestritt er u.a. Projekte und Konzerte mit Jos van Immerseel (Schubert Quartette), in der Oper Lille, Oper Gent, Luxemburg, in der Philharmonie von Minsk, in Lissabon, bei den Tage Alter Musik Regensburg, Musikfest Stuttgart, Kulturwald-Festival, Kunstfestspiele Hannover, in Wien, in Hong Kong, in Utrecht (Early Music Festival). 2016\/2017 sang er u.a. beim Kulturwald Festival den &#8222;Donner&#8220; in Wagners &#8222;Rheingold&#8220; und wirkte bei der konzertanten Auff\u00fchrung der Oper &#8222;Les deux journ\u00e9es&#8220; von Cherubini beim Beethovenfest in der Oper Bonn mit und bestritt Konzerte u.a. in Bozen, Lissabon, im Konzerthaus Wien, in der Thomaskirche Leipzig und bei den Europ\u00e4ischen Wochen Passau.<\/p>\n<p>Dieses Jahr stehen unter anderem Projekte beim Early Music Festival in Utrecht (NL), Im Concertgebouw Amsterdam (Jesus Johannespassion), Tage Alter Musik in Regensburg, und eine Tournee durch Norwegen auf dem Programm.<\/p>\n","protected":false},"excerpt":{"rendered":"<p>Der ehemalige Regensburger Domspatz absolvierte zun\u00e4chst das Studium der Schulmusik an der Hochschule f\u00fcr Musik und Theater in M\u00fcnchen. An der Musikhochschule in K\u00f6ln schloss sich das Zusatzstudium Liedbegleitung bei Prof. Glau\u00df an, anschlie\u00dfend komplettierte er dort seine Ausbildung im Hauptfach Gesang bei Professorin Mechthild Georg mit dem Diplom. K\u00fcnstlerische Impulse im Laufe des Studiums &hellip; <\/p>\n<p class=\"link-more\"><a href=\"https:\/\/wp.uni-koblenz.de\/unimus\/kuenstler\/joachim-hoechbauer\/\" class=\"more-link\"><span class=\"screen-reader-text\">\u201eJoachim H\u00f6chbauer\u201c <\/span>weiterlesen<\/a><\/p>\n","protected":false},"author":11,"featured_media":808,"parent":48,"menu_order":0,"comment_status":"closed","ping_status":"closed","template":"artist.php","meta":{"footnotes":""},"class_list":["post-787","page","type-page","status-publish","has-post-thumbnail","hentry"],"_links":{"self":[{"href":"https:\/\/wp.uni-koblenz.de\/unimus\/wp-json\/wp\/v2\/pages\/787","targetHints":{"allow":["GET"]}}],"collection":[{"href":"https:\/\/wp.uni-koblenz.de\/unimus\/wp-json\/wp\/v2\/pages"}],"about":[{"href":"https:\/\/wp.uni-koblenz.de\/unimus\/wp-json\/wp\/v2\/types\/page"}],"author":[{"embeddable":true,"href":"https:\/\/wp.uni-koblenz.de\/unimus\/wp-json\/wp\/v2\/users\/11"}],"replies":[{"embeddable":true,"href":"https:\/\/wp.uni-koblenz.de\/unimus\/wp-json\/wp\/v2\/comments?post=787"}],"version-history":[{"count":1,"href":"https:\/\/wp.uni-koblenz.de\/unimus\/wp-json\/wp\/v2\/pages\/787\/revisions"}],"predecessor-version":[{"id":788,"href":"https:\/\/wp.uni-koblenz.de\/unimus\/wp-json\/wp\/v2\/pages\/787\/revisions\/788"}],"up":[{"embeddable":true,"href":"https:\/\/wp.uni-koblenz.de\/unimus\/wp-json\/wp\/v2\/pages\/48"}],"wp:featuredmedia":[{"embeddable":true,"href":"https:\/\/wp.uni-koblenz.de\/unimus\/wp-json\/wp\/v2\/media\/808"}],"wp:attachment":[{"href":"https:\/\/wp.uni-koblenz.de\/unimus\/wp-json\/wp\/v2\/media?parent=787"}],"curies":[{"name":"wp","href":"https:\/\/api.w.org\/{rel}","templated":true}]}}