{"id":841,"date":"2019-03-21T17:54:21","date_gmt":"2019-03-21T16:54:21","guid":{"rendered":"https:\/\/wp.uni-koblenz.de\/unimus\/?page_id=841"},"modified":"2019-03-21T17:54:21","modified_gmt":"2019-03-21T16:54:21","slug":"michael-sukale","status":"publish","type":"page","link":"https:\/\/wp.uni-koblenz.de\/unimus\/kuenstler\/michael-sukale\/","title":{"rendered":"Michael Sukale"},"content":{"rendered":"<p>Bevor Sukale 1992 den Ruf an die Universit\u00e4t Oldenburg annahm, war er ein echter Weltenbummler. Nach seinem Diplom in Soziologie 1966 in Mannheim, wechselte er an die Universit\u00e4t Stanford, um zu promovieren. Danach folgten weitere Stationen in den USA. So lehrte er an der Princeton University, der University of California in Davis und in Santa Barbara, der University of Maryland sowie der University of Chicago. Zwischenzeitlich zog es ihn auch nach Israel an die Universit\u00e4t Jerusalem. Zur\u00fcck in Deutschland habilitierte er sich 1984 an der Universit\u00e4t Mannheim f\u00fcr die Bereiche Philosophie und Wissenschaftslehre. Sein \u201eunstetes Leben\u201c setze er nun in seiner Heimat fort. D\u00fcsseldorf, Konstanz, Leipzig und wieder Mannheim, unterbrochen von einem Ausflug in die Schweiz an die Universit\u00e4t in Genf.<\/p>\n<p>An der Universit\u00e4t Oldenburg gelang es ihm \u2013 trotz schwerer Zeiten und knapper Mittel \u2013 1996 das Institut f\u00fcr Philosophie, dessen Direktor er \u00fcber lange Zeit war, und den dazugeh\u00f6rigen Studiengang aus der Taufe zu heben. W\u00e4hrend die Studierenden ihn als interessanten und eigenwilligen Lehrer kennen lernten, der \u00fcber fundiertes Wissen in allen Bereichen seiner Disziplin verf\u00fcgt, konzentrierte er sich in seiner Forschungsarbeit, nachdem er zuvor der deutschen \u00d6ffentlichkeit vornehmlich durch seine Arbeiten zur Sprachphilosophie und zu Quine bzw. Husserl bekannt war, in den letzten Jahren insbesondere auf zwei Gebiete: seine \u201ealte\u201c Liebe, die Sozialphilosophie \u2013 bekannter sind seine B\u00fccher zu Max Weber \u2013, und die \u00c4sthetik.<\/p>\n<p>\u00a9 Foto: Kathleen Hartung<\/p>\n","protected":false},"excerpt":{"rendered":"<p>Bevor Sukale 1992 den Ruf an die Universit\u00e4t Oldenburg annahm, war er ein echter Weltenbummler. Nach seinem Diplom in Soziologie 1966 in Mannheim, wechselte er an die Universit\u00e4t Stanford, um zu promovieren. Danach folgten weitere Stationen in den USA. So lehrte er an der Princeton University, der University of California in Davis und in Santa &hellip; <\/p>\n<p class=\"link-more\"><a href=\"https:\/\/wp.uni-koblenz.de\/unimus\/kuenstler\/michael-sukale\/\" class=\"more-link\"><span class=\"screen-reader-text\">\u201eMichael Sukale\u201c <\/span>weiterlesen<\/a><\/p>\n","protected":false},"author":11,"featured_media":843,"parent":48,"menu_order":0,"comment_status":"closed","ping_status":"closed","template":"artist.php","meta":{"footnotes":""},"class_list":["post-841","page","type-page","status-publish","has-post-thumbnail","hentry"],"_links":{"self":[{"href":"https:\/\/wp.uni-koblenz.de\/unimus\/wp-json\/wp\/v2\/pages\/841","targetHints":{"allow":["GET"]}}],"collection":[{"href":"https:\/\/wp.uni-koblenz.de\/unimus\/wp-json\/wp\/v2\/pages"}],"about":[{"href":"https:\/\/wp.uni-koblenz.de\/unimus\/wp-json\/wp\/v2\/types\/page"}],"author":[{"embeddable":true,"href":"https:\/\/wp.uni-koblenz.de\/unimus\/wp-json\/wp\/v2\/users\/11"}],"replies":[{"embeddable":true,"href":"https:\/\/wp.uni-koblenz.de\/unimus\/wp-json\/wp\/v2\/comments?post=841"}],"version-history":[{"count":1,"href":"https:\/\/wp.uni-koblenz.de\/unimus\/wp-json\/wp\/v2\/pages\/841\/revisions"}],"predecessor-version":[{"id":844,"href":"https:\/\/wp.uni-koblenz.de\/unimus\/wp-json\/wp\/v2\/pages\/841\/revisions\/844"}],"up":[{"embeddable":true,"href":"https:\/\/wp.uni-koblenz.de\/unimus\/wp-json\/wp\/v2\/pages\/48"}],"wp:featuredmedia":[{"embeddable":true,"href":"https:\/\/wp.uni-koblenz.de\/unimus\/wp-json\/wp\/v2\/media\/843"}],"wp:attachment":[{"href":"https:\/\/wp.uni-koblenz.de\/unimus\/wp-json\/wp\/v2\/media?parent=841"}],"curies":[{"name":"wp","href":"https:\/\/api.w.org\/{rel}","templated":true}]}}