{"id":859,"date":"2019-03-31T21:43:04","date_gmt":"2019-03-31T19:43:04","guid":{"rendered":"https:\/\/wp.uni-koblenz.de\/unimus\/?page_id=859"},"modified":"2019-03-31T22:52:04","modified_gmt":"2019-03-31T20:52:04","slug":"heike-wessels","status":"publish","type":"page","link":"https:\/\/wp.uni-koblenz.de\/unimus\/kuenstler\/heike-wessels\/","title":{"rendered":"Heike Wessels"},"content":{"rendered":"<p>Heike Wessels studierte Gesang in Essen und Strasbourg und absolvierte Meisterklassen bei Brigitte Fassbaender, Thomas Hampson und Dame Gwyneth Jones. 2006 gewann sie den Internationalen Wettbewerb f\u00fcr junge Wagnerstimmen in Venedig. Nach ersten Engagements an den Wuppertaler B\u00fchnen und am Staatstheater Braunschweig z\u00e4hlte sie von 2008\/09 bis 2017\/18 zum Ensemble des Mannheimer Nationaltheaters, wo sie sich als dramatische Mezzosopranistin profilierte. Neben Partien wie Maddalena (Rigoletto), Ulrica (Un Ballo in maschera), Eboli (Don Carlo), Amneris (Aida) oder Dalila (Samson et Dalila) ersang sie sich mit Magdalene (Die Meistersinger von N\u00fcrnberg), Brang\u00e4ne (Tristan und Isolde), Fricka und Waltraute (Der Ring des Nibelungen), Venus (Tannh\u00e4user), Ortrud (Lohengrin) und Kundry (Parsifal) kontinuierlich s\u00e4mtliche Wagner-Rollen ihres Fachs. Gastverpflichtungen f\u00fchrten Heike Wessels \u00fcberdies ans Opernhaus Graz, die Volksoper Wien, das Theater Dortmund, die Deutsche Oper am Rhein, die Oper Frankfurt sowie ans Festspielhaus Baden-Baden, zum Glyndebourne-Festival und an die Pariser Opera Bastille.<\/p>\n<p>Als Konzertsolistin trat Heike Wessels u. a. bereits beim Gstaad Menuhin Festival, beim Rheingau-Musikfestival, in der Estonian Concert Hall Tallinn, dem Auditorio Principe Felipe Oviedo, der Berliner Philharmonie, der Accademia Nazionale di Santa Cecilia Rom und der Royal Festival Hall London auf. Sie arbeitete mit Dirigenten wie Friedemann Layer, Bertrand de Billy, Philippe Jordan, Gabriel Feltz, Marek Janowski, Axel Kober, Vladimir Jurowski, Dan Ettinger und Alexander Soddy zusammen.<\/p>\n<p>Seit 2018 ist Heike Wessels freischaffend t\u00e4tig und wird in der kommenden Spielzeit u. a. als Br\u00fcnnhilde im neuen Ring-Zyklus der Deutschen Oper am Rhein zu erleben sein sowie als Kundry beim National Taiwan Symphony Orchestra (Taipei), als Br\u00fcnnhilde beim Musical Autumn Cluj (Rum\u00e4nien), als Sieglinde beim London Philharmonic Orchestra und als Solistin in Mahlers Sinfonie Nr. 3 bei der Musikalischen Akademie Mannheim gastieren.<\/p>\n<p>\u00a9 Foto: Heike Wessels<\/p>\n","protected":false},"excerpt":{"rendered":"<p>Heike Wessels studierte Gesang in Essen und Strasbourg und absolvierte Meisterklassen bei Brigitte Fassbaender, Thomas Hampson und Dame Gwyneth Jones. 2006 gewann sie den Internationalen Wettbewerb f\u00fcr junge Wagnerstimmen in Venedig. Nach ersten Engagements an den Wuppertaler B\u00fchnen und am Staatstheater Braunschweig z\u00e4hlte sie von 2008\/09 bis 2017\/18 zum Ensemble des Mannheimer Nationaltheaters, wo sie &hellip; <\/p>\n<p class=\"link-more\"><a href=\"https:\/\/wp.uni-koblenz.de\/unimus\/kuenstler\/heike-wessels\/\" class=\"more-link\"><span class=\"screen-reader-text\">\u201eHeike Wessels\u201c <\/span>weiterlesen<\/a><\/p>\n","protected":false},"author":11,"featured_media":857,"parent":48,"menu_order":0,"comment_status":"closed","ping_status":"closed","template":"artist.php","meta":{"footnotes":""},"class_list":["post-859","page","type-page","status-publish","has-post-thumbnail","hentry"],"_links":{"self":[{"href":"https:\/\/wp.uni-koblenz.de\/unimus\/wp-json\/wp\/v2\/pages\/859","targetHints":{"allow":["GET"]}}],"collection":[{"href":"https:\/\/wp.uni-koblenz.de\/unimus\/wp-json\/wp\/v2\/pages"}],"about":[{"href":"https:\/\/wp.uni-koblenz.de\/unimus\/wp-json\/wp\/v2\/types\/page"}],"author":[{"embeddable":true,"href":"https:\/\/wp.uni-koblenz.de\/unimus\/wp-json\/wp\/v2\/users\/11"}],"replies":[{"embeddable":true,"href":"https:\/\/wp.uni-koblenz.de\/unimus\/wp-json\/wp\/v2\/comments?post=859"}],"version-history":[{"count":2,"href":"https:\/\/wp.uni-koblenz.de\/unimus\/wp-json\/wp\/v2\/pages\/859\/revisions"}],"predecessor-version":[{"id":867,"href":"https:\/\/wp.uni-koblenz.de\/unimus\/wp-json\/wp\/v2\/pages\/859\/revisions\/867"}],"up":[{"embeddable":true,"href":"https:\/\/wp.uni-koblenz.de\/unimus\/wp-json\/wp\/v2\/pages\/48"}],"wp:featuredmedia":[{"embeddable":true,"href":"https:\/\/wp.uni-koblenz.de\/unimus\/wp-json\/wp\/v2\/media\/857"}],"wp:attachment":[{"href":"https:\/\/wp.uni-koblenz.de\/unimus\/wp-json\/wp\/v2\/media?parent=859"}],"curies":[{"name":"wp","href":"https:\/\/api.w.org\/{rel}","templated":true}]}}