{"id":868,"date":"2019-03-31T22:35:55","date_gmt":"2019-03-31T20:35:55","guid":{"rendered":"https:\/\/wp.uni-koblenz.de\/unimus\/?page_id=868"},"modified":"2019-03-31T22:50:59","modified_gmt":"2019-03-31T20:50:59","slug":"wolf-andreas-liebert","status":"publish","type":"page","link":"https:\/\/wp.uni-koblenz.de\/unimus\/kuenstler\/wolf-andreas-liebert\/","title":{"rendered":"Wolf-Andreas Liebert"},"content":{"rendered":"<p>Prof. Dr. Wolf-Andreas Liebert ist Sprach- und Kulturwissenschaftler an der Universit\u00e4t in Koblenz. Sein Geburtsort ist Ulm an der Donau, wohin seine Eltern nach dem Zweiten Weltkrieg geflohen waren. In Ulm aufgewachsen, beschloss er in S\u00fcdwestdeutschland zu bleiben. Er studierte Germanistik und Politische Wissenschaft an der Universit\u00e4t Heidelberg, an der er auch mit einer Arbeit \u00fcber die Metaphern der deutschen Alltagssprache promoviert wurde. Als Postdoc der Deutschen Forschungsgemeinschaft arbeitete er mit dem Deutschen Krebsforschungszentrum zusammen, um die Metaphernverwendung der dortigen VirologInnen zu untersuchen. Er war dann Pressesprecher des Instituts f\u00fcr deutsche Sprache in Mannheim und sp\u00e4ter dort Teilprojektleiter im DFG-Sonderforschungsbereich 245 \u201eSprache und Situation\u201c.<\/p>\n<p>Nach seiner Assistentenzeit und Habilitation an der Universit\u00e4t Trier, f\u00fcr die er mit dem Hugo-Moser-Preis ausgezeichnet wurde, erhielt er mehrere Rufe. Er entschied sich letztlich f\u00fcr Koblenz und blieb dort bis heute. Auch weil Koblenz f\u00fcr ihn und seine Familie zu einer neuen Heimat wurde. Seit 2002 forscht und lehrt er in den Bereichen Sprach- und Kulturwissenschaft. In der Zeit hat er sich auch f\u00fcr die Universit\u00e4t und die Region engagiert. Er war Vizepr\u00e4sident der Universit\u00e4t, mehrmals Mitglied im Hochschulrat und f\u00fchrt bis heute verschiedene Projekte zur sprachlichen Integration in Koblenz durch.<\/p>\n<p>Seine Forschungsinteressen liegen in den Bereichen Wissenschaftskommunikation, Metapherntheorie und Kulturlinguistik. Zuletzt arbeitete im Forschungsfeld Religionslinguistik, hier ist er Mitherausgeber des Handbuchs \u201eSprache und Religion\u201c. Er ist stellvertretender Vorsitzender der Gesellschaft f\u00fcr Dialogforschung und aktiv am interreligi\u00f6sen Dialog in der Region engagiert. Weiterhin ist er Herausgeber verschiedene Buchreihen in renommierten Wissenschaftsverlagen und Chefredakteur der Kulturwissenschaftlichen Zeitschrift (Sciendo\/de Gruyter).<\/p>\n<p>\u00a9&nbsp; Foto: Prof. Wolf-Andreas Liebert<\/p>\n\n\n<p><\/p>\n","protected":false},"excerpt":{"rendered":"<p>Prof. Dr. Wolf-Andreas Liebert ist Sprach- und Kulturwissenschaftler an der Universit\u00e4t in Koblenz. Sein Geburtsort ist Ulm an der Donau, wohin seine Eltern nach dem Zweiten Weltkrieg geflohen waren. In Ulm aufgewachsen, beschloss er in S\u00fcdwestdeutschland zu bleiben. Er studierte Germanistik und Politische Wissenschaft an der Universit\u00e4t Heidelberg, an der er auch mit einer Arbeit &hellip; <\/p>\n<p class=\"link-more\"><a href=\"https:\/\/wp.uni-koblenz.de\/unimus\/kuenstler\/wolf-andreas-liebert\/\" class=\"more-link\"><span class=\"screen-reader-text\">\u201eWolf-Andreas Liebert\u201c <\/span>weiterlesen<\/a><\/p>\n","protected":false},"author":11,"featured_media":870,"parent":48,"menu_order":0,"comment_status":"closed","ping_status":"closed","template":"artist.php","meta":{"footnotes":""},"class_list":["post-868","page","type-page","status-publish","has-post-thumbnail","hentry"],"_links":{"self":[{"href":"https:\/\/wp.uni-koblenz.de\/unimus\/wp-json\/wp\/v2\/pages\/868","targetHints":{"allow":["GET"]}}],"collection":[{"href":"https:\/\/wp.uni-koblenz.de\/unimus\/wp-json\/wp\/v2\/pages"}],"about":[{"href":"https:\/\/wp.uni-koblenz.de\/unimus\/wp-json\/wp\/v2\/types\/page"}],"author":[{"embeddable":true,"href":"https:\/\/wp.uni-koblenz.de\/unimus\/wp-json\/wp\/v2\/users\/11"}],"replies":[{"embeddable":true,"href":"https:\/\/wp.uni-koblenz.de\/unimus\/wp-json\/wp\/v2\/comments?post=868"}],"version-history":[{"count":3,"href":"https:\/\/wp.uni-koblenz.de\/unimus\/wp-json\/wp\/v2\/pages\/868\/revisions"}],"predecessor-version":[{"id":874,"href":"https:\/\/wp.uni-koblenz.de\/unimus\/wp-json\/wp\/v2\/pages\/868\/revisions\/874"}],"up":[{"embeddable":true,"href":"https:\/\/wp.uni-koblenz.de\/unimus\/wp-json\/wp\/v2\/pages\/48"}],"wp:featuredmedia":[{"embeddable":true,"href":"https:\/\/wp.uni-koblenz.de\/unimus\/wp-json\/wp\/v2\/media\/870"}],"wp:attachment":[{"href":"https:\/\/wp.uni-koblenz.de\/unimus\/wp-json\/wp\/v2\/media?parent=868"}],"curies":[{"name":"wp","href":"https:\/\/api.w.org\/{rel}","templated":true}]}}