{"id":908,"date":"2019-04-08T12:43:37","date_gmt":"2019-04-08T10:43:37","guid":{"rendered":"https:\/\/wp.uni-koblenz.de\/unimus\/?page_id=908"},"modified":"2019-04-17T17:34:13","modified_gmt":"2019-04-17T15:34:13","slug":"romy-kries","status":"publish","type":"page","link":"https:\/\/wp.uni-koblenz.de\/unimus\/kuenstler\/romy-kries\/","title":{"rendered":"Romy Kries"},"content":{"rendered":"<p>Die in der Pfalz aufgewachsene Altistin Romy Kries studiert seit 2015 an der Universit\u00e4t Koblenz-Landau Grundschullehramt mit den Schwerpunkten Mathematik und Musik. Zur Musik fand sie im Kindesalter \u00fcber die Querfl\u00f6te, woraufhin einige Jahre sp\u00e4ter der Klavierunterricht folgte. Erste Gesangserfahrungen sammelte sie im Schulchor des Sickingen-Gymnasiums Landstuhl, an welchem sie 2014 ihr Abitur absolvierte. W\u00e4hrend des Musikstudiums bildete sie sich musikalisch durch Unterricht in den F\u00e4chern Gesang und Klavier weiter und wirkt seit Beginn des Studiums an den Ensembles der Universit\u00e4t mit.<\/p>\n","protected":false},"excerpt":{"rendered":"<p>Die in der Pfalz aufgewachsene Altistin Romy Kries studiert seit 2015 an der Universit\u00e4t Koblenz-Landau Grundschullehramt mit den Schwerpunkten Mathematik und Musik. Zur Musik fand sie im Kindesalter \u00fcber die Querfl\u00f6te, woraufhin einige Jahre sp\u00e4ter der Klavierunterricht folgte. Erste Gesangserfahrungen sammelte sie im Schulchor des Sickingen-Gymnasiums Landstuhl, an welchem sie 2014 ihr Abitur absolvierte. W\u00e4hrend &hellip; <\/p>\n<p class=\"link-more\"><a href=\"https:\/\/wp.uni-koblenz.de\/unimus\/kuenstler\/romy-kries\/\" class=\"more-link\"><span class=\"screen-reader-text\">\u201eRomy Kries\u201c <\/span>weiterlesen<\/a><\/p>\n","protected":false},"author":11,"featured_media":929,"parent":48,"menu_order":0,"comment_status":"closed","ping_status":"closed","template":"artist.php","meta":{"footnotes":""},"class_list":["post-908","page","type-page","status-publish","has-post-thumbnail","hentry"],"_links":{"self":[{"href":"https:\/\/wp.uni-koblenz.de\/unimus\/wp-json\/wp\/v2\/pages\/908","targetHints":{"allow":["GET"]}}],"collection":[{"href":"https:\/\/wp.uni-koblenz.de\/unimus\/wp-json\/wp\/v2\/pages"}],"about":[{"href":"https:\/\/wp.uni-koblenz.de\/unimus\/wp-json\/wp\/v2\/types\/page"}],"author":[{"embeddable":true,"href":"https:\/\/wp.uni-koblenz.de\/unimus\/wp-json\/wp\/v2\/users\/11"}],"replies":[{"embeddable":true,"href":"https:\/\/wp.uni-koblenz.de\/unimus\/wp-json\/wp\/v2\/comments?post=908"}],"version-history":[{"count":1,"href":"https:\/\/wp.uni-koblenz.de\/unimus\/wp-json\/wp\/v2\/pages\/908\/revisions"}],"predecessor-version":[{"id":909,"href":"https:\/\/wp.uni-koblenz.de\/unimus\/wp-json\/wp\/v2\/pages\/908\/revisions\/909"}],"up":[{"embeddable":true,"href":"https:\/\/wp.uni-koblenz.de\/unimus\/wp-json\/wp\/v2\/pages\/48"}],"wp:featuredmedia":[{"embeddable":true,"href":"https:\/\/wp.uni-koblenz.de\/unimus\/wp-json\/wp\/v2\/media\/929"}],"wp:attachment":[{"href":"https:\/\/wp.uni-koblenz.de\/unimus\/wp-json\/wp\/v2\/media?parent=908"}],"curies":[{"name":"wp","href":"https:\/\/api.w.org\/{rel}","templated":true}]}}