{"id":920,"date":"2019-04-09T16:02:21","date_gmt":"2019-04-09T14:02:21","guid":{"rendered":"https:\/\/wp.uni-koblenz.de\/unimus\/?page_id=920"},"modified":"2021-07-15T15:35:18","modified_gmt":"2021-07-15T13:35:18","slug":"universitaetsgottesdienste","status":"publish","type":"page","link":"https:\/\/wp.uni-koblenz.de\/unimus\/universitaetsgottesdienste\/","title":{"rendered":"Universit\u00e4tsgottesdienste"},"content":{"rendered":"\n<div class=\"event-list\">\n\n\n\n<\/p>\n<div class=\"event-list-item saison-ss19\"><a class=\"event-link\" href=\"https:\/\/wp.uni-koblenz.de\/unimus\/events\/universitaetsgottesdienst-kantate-mein-seel-erhebt-den-herren-bwv-10\/\"> <img src='https:\/\/wp.uni-koblenz.de\/unimus\/wp-content\/uploads\/sites\/16\/2018\/10\/20190707_Universit\u00e4tsgottesdienst.jpg' alt='Universit\u00e4tsgottesdienst - Kantate \u201eMein Seel erhebt den Herren\u201c, BWV 10'\/><\/a>\n<div class=\"event-list-item-info\">\n<h3>Universit\u00e4tsgottesdienst &#8211; Kantate \u201eMein Seel erhebt den Herren\u201c, BWV 10<\/h3>\n<div class=\"event-datetime\">07.07.2019, 10:30<\/div>\n<div class=\"event-location\">Stiftskirche St. Goar<\/div>\n<span class=\"event-list-item-more\">mehr erfahren<\/span><\/div>\n<\/div>\n<p>\n\n\n\n<\/p>\n<div class=\"event-list-item saison-ws1819\"><a class=\"event-link\" href=\"https:\/\/wp.uni-koblenz.de\/unimus\/events\/universitaetsgottesdienst-kantate-lobe-den-herren-meine-seele-bwv-143\/\"> <img src='https:\/\/wp.uni-koblenz.de\/unimus\/wp-content\/uploads\/sites\/16\/2018\/09\/20190210_Universit\u00e4tsgottesdienst_Trompeten.jpg' alt='Universit\u00e4tsgottesdienst \u2013 Kantate \u201eLobe den Herren, meine Seele\u201c, BWV 143'\/><\/a>\n<div class=\"event-list-item-info\">\n<h3>Universit\u00e4tsgottesdienst \u2013 Kantate \u201eLobe den Herren, meine Seele\u201c, BWV 143<\/h3>\n<div class=\"event-datetime\">10.02.2019, 10:30<\/div>\n<div class=\"event-location\">Stiftskirche St. Goar<\/div>\n<span class=\"event-list-item-more\">mehr erfahren<\/span><\/div>\n<\/div>\n<p>\n\n\n\n\n<div class=\"event-list-item saison-ws1819\"><a class=\"event-link\" href=\"https:\/\/wp.uni-koblenz.de\/unimus\/events\/universitaetsgottesdienst-kantate-ich-habe-genug-bwv-82\/\"> <img src='https:\/\/wp.uni-koblenz.de\/unimus\/wp-content\/uploads\/sites\/16\/2018\/08\/20181111_Bach_IchHabeGenug2.jpg' alt='Universit\u00e4tsgottesdienst - Kantate \u201eIch habe genug\u201c, BWV 82 mit Klaus Mertens'\/><\/a>\n<div class=\"event-list-item-info\">\n<h3>Universit\u00e4tsgottesdienst &#8211; Kantate \u201eIch habe genug\u201c, BWV 82 mit Klaus Mertens<\/h3>\n<div class=\"event-datetime\">11.11.2018, 10:30<\/div>\n<div class=\"event-location\">Herz-Jesu-Kirche<\/div>\n<span class=\"event-list-item-more\">mehr erfahren<\/span><\/div>\n<\/div>\n\n\n\n\n<\/p>\n<div class=\"event-list-item saison-ss18\"><a class=\"event-link\" href=\"https:\/\/wp.uni-koblenz.de\/unimus\/events\/universitaetsgottesdienst-kantate-wo-soll-ich-fliehen-hin-bwv5\/\"> <img src='https:\/\/wp.uni-koblenz.de\/unimus\/wp-content\/uploads\/sites\/16\/2018\/05\/20180701_WoSollIchFliehenHin.jpg' alt='Universit\u00e4tsgottesdienst - Kantate \u201eWo soll ich fliehen hin?\u201c, BWV5'\/><\/a>\n<div class=\"event-list-item-info\">\n<h3>Universit\u00e4tsgottesdienst &#8211; Kantate \u201eWo soll ich fliehen hin?\u201c, BWV5<\/h3>\n<div class=\"event-datetime\">01.07.2018, 10:30<\/div>\n<div class=\"event-location\">Stiftskirche St. Goar<\/div>\n<span class=\"event-list-item-more\">mehr erfahren<\/span><\/div>\n<\/div>\n<p>\n\n\n\n<\/p>\n<div class=\"event-list-item saison-ss18\"><a class=\"event-link\" href=\"https:\/\/wp.uni-koblenz.de\/unimus\/events\/universitaetsgottesdienst-kantate-jauchzet-gott-in-allen-landen-bwv51\/\"> <img src='https:\/\/wp.uni-koblenz.de\/unimus\/wp-content\/uploads\/sites\/16\/2018\/03\/20180422_gd-e1553189474859.jpg' alt='Universit\u00e4tsgottesdienst - Kantate &quot;Jauchzet Gott in allen Landen&quot;, BWV51'\/><\/a>\n<div class=\"event-list-item-info\">\n<h3>Universit\u00e4tsgottesdienst &#8211; Kantate &#8222;Jauchzet Gott in allen Landen&#8220;, BWV51<\/h3>\n<div class=\"event-datetime\">22.04.2018, 10:30<\/div>\n<div class=\"event-location\">Stiftskirche St. Goar<\/div>\n<span class=\"event-list-item-more\">mehr erfahren<\/span><\/div>\n<\/div>\n<p>\n\n\n\n<\/p>\n<div class=\"event-list-item saison-2017\"><a class=\"event-link\" href=\"https:\/\/wp.uni-koblenz.de\/unimus\/events\/oekumenische-universitaetsgottesdienste-2\/\"> <img src='https:\/\/wp.uni-koblenz.de\/unimus\/wp-content\/uploads\/sites\/16\/2020\/03\/20171115_Gottesdienst.jpg' alt='Bach: Mein Gott, wie lang, ach wie lange?'\/><\/a>\n<div class=\"event-list-item-info\">\n<h3>Bach: Mein Gott, wie lang, ach wie lange?<\/h3>\n<div class=\"event-datetime\">17.01.2018, 19:30<\/div>\n<div class=\"event-location\"><\/div>\n<span class=\"event-list-item-more\">mehr erfahren<\/span><\/div>\n<\/div>\n<p>\n\n\n\n<\/p>\n<div class=\"event-list-item saison-2017\"><a class=\"event-link\" href=\"https:\/\/wp.uni-koblenz.de\/unimus\/events\/oekumenische-universitaetsgottesdienste\/\"> <img src='https:\/\/wp.uni-koblenz.de\/unimus\/wp-content\/uploads\/sites\/16\/2020\/03\/20171115_Gottesdienst.jpg' alt='Bach: Kreuzstabskantate'\/><\/a>\n<div class=\"event-list-item-info\">\n<h3>Bach: Kreuzstabskantate<\/h3>\n<div class=\"event-datetime\">15.11.2017, 19:30<\/div>\n<div class=\"event-location\"><\/div>\n<span class=\"event-list-item-more\">mehr erfahren<\/span><\/div>\n<\/div>\n<p>\n\n\n\n<\/div>\n\n\n\n<figure class=\"wp-block-table\"><table><tbody><tr><td><br><\/td><td><br><\/td><\/tr><tr><td> 10.7.2017<\/td><td> Es wartet alles auch dich <\/td><\/tr><tr><td>2.7.2017<\/td><td>Bach: Erhalt uns Herr bei deinem Wort<\/td><\/tr><tr><td>9.2.2017 &amp;<br>10.2.2017<\/td><td><a href=\"https:\/\/wp.uni-koblenz.de\/unimus\/wp-content\/uploads\/sites\/16\/2020\/03\/PL_KO_Brahms_2017_297x840.pdf\">Brahms: Ein deutsches Requiem<\/a><\/td><\/tr><tr><td>5.2.2017<\/td><td>Telemann: Wertes Zion, sei gegr\u00fc\u00dft<\/td><\/tr><tr><td>26.7.2015<\/td><td>Bach: Ich hatte viel Bek\u00fcmmernis<\/td><\/tr><tr><td>14.1.2015<\/td><td>Diverse St\u00fccke<\/td><\/tr><tr><td>15.1.2014<\/td><td>Bach: Schm\u00fccke dich, o liebe Seele<\/td><\/tr><tr><td>16.1.2013<\/td><td>Bach: Alles nur nach Gottes Willen<\/td><\/tr><tr><td>7.12.2011<\/td><td>Bach: Wachet auf, ruft uns die Stimme<\/td><\/tr><tr><td>23.6.2011<\/td><td>Bach: Himmelsk\u00f6nigin sei wilkommen<\/td><\/tr><tr><td>29.1.2011<\/td><td>Bach: Messe in G-Dur<\/td><\/tr><tr><td>27.10.2010<\/td><td>Bach: Christ unser Herr zum Gottes Willen<\/td><\/tr><tr><td>11.6.2009<\/td><td>Mendessohn Bartholdy: Evensong<\/td><\/tr><tr><td>25.6.2008<\/td><td>Frank Martin: Messe f\u00fcr Doppelchor<\/td><\/tr><tr><td>1.6.2008<\/td><td>Bach: Freue dich erl\u00f6ste Schar<\/td><\/tr><tr><td>27.6.2007<\/td><td>Bach: Ihr Menschen r\u00fchmet Gottes Liebe<\/td><\/tr><tr><td>23.11.2005<\/td><td>T.L. de Victoria: Werke f\u00fcr gemischten Chor<\/td><\/tr><tr><td>24.11.2004<\/td><td>Hermann Schroeder: Missa syllabica<\/td><\/tr><\/tbody><\/table><\/figure>\n","protected":false},"excerpt":{"rendered":"<p>10.7.2017 Es wartet alles auch dich 2.7.2017 Bach: Erhalt uns Herr bei deinem Wort 9.2.2017 &amp;10.2.2017 Brahms: Ein deutsches Requiem 5.2.2017 Telemann: Wertes Zion, sei gegr\u00fc\u00dft 26.7.2015 Bach: Ich hatte viel Bek\u00fcmmernis 14.1.2015 Diverse St\u00fccke 15.1.2014 Bach: Schm\u00fccke dich, o liebe Seele 16.1.2013 Bach: Alles nur nach Gottes Willen 7.12.2011 Bach: Wachet auf, ruft uns &hellip; <\/p>\n<p class=\"link-more\"><a href=\"https:\/\/wp.uni-koblenz.de\/unimus\/universitaetsgottesdienste\/\" class=\"more-link\"><span class=\"screen-reader-text\">\u201eUniversit\u00e4tsgottesdienste\u201c <\/span>weiterlesen<\/a><\/p>\n","protected":false},"author":11,"featured_media":0,"parent":0,"menu_order":0,"comment_status":"closed","ping_status":"closed","template":"artist.php","meta":{"footnotes":""},"class_list":["post-920","page","type-page","status-publish","hentry"],"_links":{"self":[{"href":"https:\/\/wp.uni-koblenz.de\/unimus\/wp-json\/wp\/v2\/pages\/920","targetHints":{"allow":["GET"]}}],"collection":[{"href":"https:\/\/wp.uni-koblenz.de\/unimus\/wp-json\/wp\/v2\/pages"}],"about":[{"href":"https:\/\/wp.uni-koblenz.de\/unimus\/wp-json\/wp\/v2\/types\/page"}],"author":[{"embeddable":true,"href":"https:\/\/wp.uni-koblenz.de\/unimus\/wp-json\/wp\/v2\/users\/11"}],"replies":[{"embeddable":true,"href":"https:\/\/wp.uni-koblenz.de\/unimus\/wp-json\/wp\/v2\/comments?post=920"}],"version-history":[{"count":14,"href":"https:\/\/wp.uni-koblenz.de\/unimus\/wp-json\/wp\/v2\/pages\/920\/revisions"}],"predecessor-version":[{"id":1318,"href":"https:\/\/wp.uni-koblenz.de\/unimus\/wp-json\/wp\/v2\/pages\/920\/revisions\/1318"}],"wp:attachment":[{"href":"https:\/\/wp.uni-koblenz.de\/unimus\/wp-json\/wp\/v2\/media?parent=920"}],"curies":[{"name":"wp","href":"https:\/\/api.w.org\/{rel}","templated":true}]}}