{"id":992,"date":"2019-06-29T13:13:31","date_gmt":"2019-06-29T11:13:31","guid":{"rendered":"https:\/\/wp.uni-koblenz.de\/unimus\/?page_id=992"},"modified":"2019-06-29T13:13:31","modified_gmt":"2019-06-29T11:13:31","slug":"renata-dworak-berlin","status":"publish","type":"page","link":"https:\/\/wp.uni-koblenz.de\/unimus\/kuenstler\/renata-dworak-berlin\/","title":{"rendered":"Renata Dworak Berlin"},"content":{"rendered":"<p>Zu Gast ist am kommenden Sonntag, 30. Juni, 20.30 Uhr die selbstbewu\u00dfte Nachwuchsdirigentin Renata Dworak Berlin.<\/p>\n<p>Geb\u00fcrtig aus Chicago, studierte sie am der angesehenen Eastman School of Music in Rochester, NY\/ USA, anschlie\u00dfend leitete Sie die Universit\u00e4tsch\u00f6re<br \/>\nder Princeton University, zuletzt als Directors of choirs in den Jahren 2014-2017. Die Dirigentin und junge Mutter \u00fcbernimmt nun einen Teil der A-Cappella-Kompositionen wie Rheinbergers Abendlied.<\/p>\n","protected":false},"excerpt":{"rendered":"<p>Zu Gast ist am kommenden Sonntag, 30. Juni, 20.30 Uhr die selbstbewu\u00dfte Nachwuchsdirigentin Renata Dworak Berlin. Geb\u00fcrtig aus Chicago, studierte sie am der angesehenen Eastman School of Music in Rochester, NY\/ USA, anschlie\u00dfend leitete Sie die Universit\u00e4tsch\u00f6re der Princeton University, zuletzt als Directors of choirs in den Jahren 2014-2017. Die Dirigentin und junge Mutter \u00fcbernimmt &hellip; <\/p>\n<p class=\"link-more\"><a href=\"https:\/\/wp.uni-koblenz.de\/unimus\/kuenstler\/renata-dworak-berlin\/\" class=\"more-link\"><span class=\"screen-reader-text\">\u201eRenata Dworak Berlin\u201c <\/span>weiterlesen<\/a><\/p>\n","protected":false},"author":11,"featured_media":993,"parent":48,"menu_order":0,"comment_status":"closed","ping_status":"closed","template":"artist.php","meta":{"footnotes":""},"class_list":["post-992","page","type-page","status-publish","has-post-thumbnail","hentry"],"_links":{"self":[{"href":"https:\/\/wp.uni-koblenz.de\/unimus\/wp-json\/wp\/v2\/pages\/992","targetHints":{"allow":["GET"]}}],"collection":[{"href":"https:\/\/wp.uni-koblenz.de\/unimus\/wp-json\/wp\/v2\/pages"}],"about":[{"href":"https:\/\/wp.uni-koblenz.de\/unimus\/wp-json\/wp\/v2\/types\/page"}],"author":[{"embeddable":true,"href":"https:\/\/wp.uni-koblenz.de\/unimus\/wp-json\/wp\/v2\/users\/11"}],"replies":[{"embeddable":true,"href":"https:\/\/wp.uni-koblenz.de\/unimus\/wp-json\/wp\/v2\/comments?post=992"}],"version-history":[{"count":1,"href":"https:\/\/wp.uni-koblenz.de\/unimus\/wp-json\/wp\/v2\/pages\/992\/revisions"}],"predecessor-version":[{"id":995,"href":"https:\/\/wp.uni-koblenz.de\/unimus\/wp-json\/wp\/v2\/pages\/992\/revisions\/995"}],"up":[{"embeddable":true,"href":"https:\/\/wp.uni-koblenz.de\/unimus\/wp-json\/wp\/v2\/pages\/48"}],"wp:featuredmedia":[{"embeddable":true,"href":"https:\/\/wp.uni-koblenz.de\/unimus\/wp-json\/wp\/v2\/media\/993"}],"wp:attachment":[{"href":"https:\/\/wp.uni-koblenz.de\/unimus\/wp-json\/wp\/v2\/media?parent=992"}],"curies":[{"name":"wp","href":"https:\/\/api.w.org\/{rel}","templated":true}]}}